{"id":11570,"date":"2024-03-25T16:09:25","date_gmt":"2024-03-25T16:09:25","guid":{"rendered":"https:\/\/john.hosting-johnappleman.com\/?page_id=22"},"modified":"2025-02-17T13:15:49","modified_gmt":"2025-02-17T19:15:49","slug":"aviso-legal","status":"publish","type":"page","link":"https:\/\/softland.com\/mx\/aviso-legal\/","title":{"rendered":"Aviso Legal"},"content":{"rendered":"\n<p><em>NOTA: Este Aviso Legal fue actualizado por \u00faltima vez el 2 de enero de 2025.<\/em><\/p>\n\n\n\n<p><strong>1. TITULARIDAD y ACTIVIDAD<\/strong><\/p>\n\n\n\n<p>El presente Aviso Legal regula el uso y acceso de la p\u00e1gina web de Internet que SOFTLAND COSTA RICA SOCIEDAD DE RESPONSABILIDAD LIMITADA &nbsp;(en adelante, \u201cSOFTLAND\u201d), inscrita en el Registro P\u00fablico Nacional de Costa Rica, bajo Tomo 1236, Folio 165, Asiento 00185, &nbsp;en c\u00e9dula jur\u00eddica 3-102-261960, con domicilio en la Provincia de Heredia, Cant\u00f3n Heredia, Distrito Ulloa, Barro Aurora, direcci\u00f3n en se\u00f1as: Barreal de Heredia, diagonal a Cenada, Edificio Eurocenter II, 6to Piso Tel\u00e9fono +506 4000-3800, pone a disposici\u00f3n de los usuarios de internet, as\u00ed como los contenidos comprendidos en ella.<\/p>\n\n\n\n<p>La actividad principal de Softland es el desarrollo y comercializaci\u00f3n de soluciones de gesti\u00f3n empresarial y de recursos humanos.<\/p>\n\n\n\n<p><strong>2. OBJETO<\/strong><\/p>\n\n\n\n<p>El presente Aviso Legal recoge las condiciones de uso que regulan el acceso, navegaci\u00f3n y uso de la p\u00e1gina web, as\u00ed como las responsabilidades derivadas de la utilizaci\u00f3n, prestaci\u00f3n y\/o contrataci\u00f3n de los productos o servicios que, en su caso, pueden ser ofrecidos, as\u00ed como de los contenidos que lo integran y sin perjuicio de que SOFTLAND pueda establecer condiciones particulares que regulen la utilizaci\u00f3n prestaci\u00f3n y\/o contrataci\u00f3n de productos o servicios que, en su caso, sean ofrecidos a los usuarios a trav\u00e9s de la p\u00e1gina web. En todo caso, dichas condiciones particulares formar\u00e1n parte integrante del presente Aviso Legal.<\/p>\n\n\n\n<p>El mero acceso a la p\u00e1gina web, el env\u00edo de solicitudes de informaci\u00f3n, consultas y, en general, cualquier acto de naturaleza similar a los anteriores realizados a trav\u00e9s de los formularios y o buzones electr\u00f3nicos existentes en la p\u00e1gina web implicar\u00e1, por su parte, la aceptaci\u00f3n sin reservas de todas y cada una de las normas integrantes del presente Aviso Legal y adquisici\u00f3n de la consideraci\u00f3n de usuario de la web. En consecuencia, Ud. debe leer atentamente y conocer el contenido del presente Aviso Legal.<\/p>\n\n\n\n<p>En caso de ser ofrecidos, a trav\u00e9s de la p\u00e1gina web, la utilizaci\u00f3n, prestaci\u00f3n y\/o contrataci\u00f3n de productos o servicios, el hecho de ser utilizados y\/o solicitados por el usuario implicar\u00e1, asimismo, la aceptaci\u00f3n sin reservas de las condiciones particulares que, en su caso, hayan sido establecidas al efecto, y que formar\u00e1n parte integrante del presente Aviso Legal.<\/p>\n\n\n\n<p><strong>2. PROPIEDAD INTELECTUAL E INDUSTRIAL<\/strong><\/p>\n\n\n\n<p>Todos los derechos sobre las marcas, nombres comerciales o dem\u00e1s signos distintivos, las patentes y la propiedad intelectual relativos al contenido y dise\u00f1o de esta p\u00e1gina web son titularidad de SOFTLAND. El usuario se compromete a respetar todos los derechos de propiedad intelectual e industrial de la p\u00e1gina web.<\/p>\n\n\n\n<p>Los contenidos que aparezcan o puedan aparecer en esta p\u00e1gina web, entendiendo por estos a t\u00edtulo meramente enunciativo los textos, fotograf\u00edas, gr\u00e1ficos, im\u00e1genes, iconos, tecnolog\u00eda, software, links y dem\u00e1s contenidos audiovisuales o sonoros, as\u00ed como su dise\u00f1o gr\u00e1fico y c\u00f3digos fuente, son propiedad intelectual de SOFTLAND o de terceros. En ning\u00fan caso se entender\u00e1n cedidos al usuario ninguno de los derechos de explotaci\u00f3n reconocidos por la normativa vigente en materia de propiedad intelectual sobre los mismos.<\/p>\n\n\n\n<p>La utilizaci\u00f3n de la p\u00e1gina web atribuye la condici\u00f3n de usuario de la misma e implica la aceptaci\u00f3n de todas las condiciones incluidas en este Aviso Legal. El usuario \u00fanicamente tiene derecho a un uso privado de los mismos, sin \u00e1nimo de lucro y no puede reproducir, copiar, distribuir, poner a disposici\u00f3n o de cualquier otra forma comunicar p\u00fablicamente, transformar o modificar total o parcialmente los contenidos, a menos que cuente con la autorizaci\u00f3n expresa y por escrito de SOFTLAND o disponga de una habilitaci\u00f3n legal.<\/p>\n\n\n\n<p><strong>Est\u00e1 absolutamente prohibida la imitaci\u00f3n ya sea total o parcial de nuestro portal.<\/strong><\/p>\n\n\n\n<p><strong>3. ACCESO Y USO<\/strong><\/p>\n\n\n\n<p>El acceso a la p\u00e1gina web es gratuito salvo en lo relativo al coste de la conexi\u00f3n a trav\u00e9s de la red de telecomunicaciones suministrada por el proveedor de acceso contratado por los usuarios. El usuario acepta que el uso de la p\u00e1gina web se realiza bajo su \u00fanica y exclusiva responsabilidad.<\/p>\n\n\n\n<p>El usuario se compromete a:<\/p>\n\n\n\n<ul class=\"wp-block-list\">\n<li>No realizar actividades il\u00edcitas, ilegales o contrarias a la buena fe y al orden p\u00fablico a trav\u00e9s del sitio web.<\/li>\n\n\n\n<li>No difundir contenido que pueda infringir derechos de terceros o da\u00f1ar la imagen de la empresa.<\/li>\n<\/ul>\n\n\n\n<p>Asimismo, en relaci\u00f3n al posible uso del Blog, SOFTLAND se reserva la posibilidad de moderar los comentarios realizados por los suscriptores y por tanto a no ser publicados.<\/p>\n\n\n\n<p><strong>4. ENLACES<\/strong><\/p>\n\n\n\n<p>La p\u00e1gina web incluye dispositivos t\u00e9cnicos de enlace, directorios e incluso instrumentos de b\u00fasqueda que permiten al usuario acceder a otras p\u00e1ginas y portales de Internet pertenecientes o gestionados por terceros. Teniendo en cuenta la imposibilidad de control respecto a la informaci\u00f3n, contenidos y servicios que contengan dichas Webs, le comunicamos que SOFTLAND no podr\u00e1 asumir ning\u00fan tipo de responsabilidad por cualquier aspecto relativo a las mismas, a t\u00edtulo enunciativo y no taxativo, sobre su funcionamiento, acceso, datos, informaci\u00f3n, archivos, calidad y fiabilidad de sus productos y servicios, sus propios enlaces y\/o cualquiera de sus contenidos en general.<\/p>\n\n\n\n<p>SOFTLAND no ofrece ni comercializa la informaci\u00f3n, contenidos y servicios disponibles en dichos enlaces, como tampoco supervisa ni controla los contenidos, servicios e informaci\u00f3n contenida en los mismos.<\/p>\n\n\n\n<p>El establecimiento de cualquier enlace desde la p\u00e1gina web a otra web ajena no implica la existencia de acuerdos con los responsables o titulares de estos, ni la recomendaci\u00f3n, promoci\u00f3n o identificaci\u00f3n de SOFTLAND con las manifestaciones, contenidos o informaciones provistas.<\/p>\n\n\n\n<p>El establecimiento de enlaces a nuestra p\u00e1gina web no confiere ning\u00fan derecho sobre el mismo, y se autoriza exclusivamente a permitir el acceso a nuestra web, quedando prohibido los enlaces al sitio web que reproduzcan total o parcial las im\u00e1genes y contenidos de nuestro portal. Asimismo, el simple hecho de establecer un enlace a nuestra p\u00e1gina web no da derecho a otorgarse la categor\u00eda de colaborador o socio de SOFTLAND<\/p>\n\n\n\n<p><strong>5. RESPONSABILIDAD<\/strong><\/p>\n\n\n\n<p>Al poner a disposici\u00f3n del usuario est\u00e1 p\u00e1gina web queremos ofrecerle toda una serie de contenidos y servicios de calidad, utilizando la m\u00e1xima diligencia en la prestaci\u00f3n de los mismos, as\u00ed como en los medios tecnol\u00f3gicos utilizados. SOFTLAND adopta las medias de seguridad adecuadas para detectar la existencia de virus. No obstante, corresponde al usuario, en todo caso, la obligaci\u00f3n de disponer de herramientas adecuadas para la detecci\u00f3n y desinfecci\u00f3n de programas inform\u00e1ticos da\u00f1inos, por lo que SOFTLAND no responder\u00e1 de la presencia de virus y otros elementos que de alg\u00fan modo puedan da\u00f1ar el sistema inform\u00e1tico de usuario.<\/p>\n\n\n\n<p>El usuario se compromete a no llevar a cabo cualquier tipo de acci\u00f3n sobre nuestro portal que origine una excesiva sobrecarga de funcionamiento a nuestros sistemas inform\u00e1ticos, as\u00ed como la introducci\u00f3n de virus, o instalaci\u00f3n de robots, o software que altere el funcionamiento de nuestra web, o en definitiva pueda causar da\u00f1os a nuestros sistemas inform\u00e1ticos.<\/p>\n\n\n\n<p>SOFTLAND vela porque los contenidos de su p\u00e1gina web ofrezcan la mayor calidad posible y se encuentren actualizado, sin embargo, no garantiza la fiabilidad, veracidad, exactitud y vigencia de los contenidos de la p\u00e1gina web. Dichos contenidos son de car\u00e1cter general y no constituyen la prestaci\u00f3n de un servicio de prestaci\u00f3n de servicios, por lo que SOFTLAND no se responsabiliza de las decisiones tomadas a partir de la informaci\u00f3n suministrada, ni de los da\u00f1os y perjuicios producidos en el usuario o terceros con motivo de actuaciones que tengan como \u00fanico fundamento la informaci\u00f3n obtenida en la p\u00e1gina web.<\/p>\n\n\n\n<p>SOFTLAND no se responsabiliza de los da\u00f1os o perjuicios de cualquier tipo producidos en el usuario como consecuencia de fallos o desconexiones en las redes de telecomunicaciones que produzcan la suspensi\u00f3n, cancelaci\u00f3n o interrupci\u00f3n del servicio de la web durante la prestaci\u00f3n del mismo o con car\u00e1cter previo o posterior.<\/p>\n\n\n\n<p>El usuario reconoce que ha entendido toda la informaci\u00f3n respecto a las condiciones de uso de nuestro portal y reconoce que son suficientes para la exclusi\u00f3n del error en las mismas y, por lo tanto, las acepta integra y expresamente.<\/p>\n\n\n\n<p><strong>6. DURACI\u00d3N Y MODIFICACI\u00d3N<\/strong><\/p>\n\n\n\n<p>SOFTLAND se reserva el derecho de modificar el presente Aviso Legal y\/o las condiciones particulares que, en su caso, hayan sido establecidas para la utilizaci\u00f3n y\/o contrataci\u00f3n de los productos o servicios prestados a trav\u00e9s de la p\u00e1gina web, cuando lo estime oportuno o con la finalidad de adaptarse a los cambios legislativos y tecnol\u00f3gicos, siendo v\u00e1lidas y surtiendo sus efectos desde la publicaci\u00f3n en la p\u00e1gina web.<\/p>\n\n\n\n<p>La vigencia de estas condiciones de uso tendr\u00e1 car\u00e1cter temporal coincidiendo, por lo tanto, con el tiempo de su exposici\u00f3n, hasta que sean modificadas total o parcialmente, momento en el cual pasar\u00e1n a tener vigencia las condiciones de uso modificadas.<\/p>\n\n\n\n<p>La entidad podr\u00e1 dar por terminado, suspender o interrumpir, en cualquier momento sin necesidad de preaviso, el acceso a los contenidos de la p\u00e1gina web, sin posibilidad por parte del usuario de exigir indemnizaci\u00f3n alguna. Tras dicha extinci\u00f3n, seguir\u00e1n vigentes las prohibiciones de uso de los contenidos, expuestas anteriormente en el presente Aviso Legal.<\/p>\n\n\n\n<p><strong>7. LEGISLACI\u00d3N APLICABLE Y JURISDICCI\u00d3N<\/strong><\/p>\n\n\n\n<p>El presente Aviso Legal y las relaciones establecidas entre SOFTLAND y el Usuario, en particular el conocimiento y resoluci\u00f3n de cualesquiera litigios, discrepancias o diferencias que pudieran surgir, se regir\u00e1n y resolver\u00e1n de conformidad con lo establecido en la normativa espa\u00f1ola relativa a legislaci\u00f3n aplicable y jurisdicci\u00f3n competente.<\/p>\n\n\n\n<p>No obstante, para los casos en los que la normativa prevea la posibilidad a las partes de someterse a un fuero, SOFTLAND y el Usuario, con renuncia expresa a cualquier otro fuero que pudiera corresponderles, someter\u00e1n cualesquiera controversias y\/o litigios al conocimiento de los Juzgados y Tribunales de la ciudad del domicilio de cada Entidad previsto en el presente Aviso Legal.<\/p>\n\n\n\n<p><strong>8. DIRECCI\u00d3N DE CONTACTO<\/strong> Para cualquier cuesti\u00f3n respecto al presente Aviso Legal de nuestra p\u00e1gina web puede ponerse en contacto con nosotros a trav\u00e9s de info@softland.com o en &nbsp;el tel\u00e9fono +34 91 334 92 10.<\/p>\n","protected":false},"excerpt":{"rendered":"<p>NOTA: Este Aviso Legal fue actualizado por \u00faltima vez el 2 de enero de 2025. 1. TITULARIDAD y ACTIVIDAD El presente Aviso Legal regula el [&hellip;]<\/p>\n","protected":false},"author":1,"featured_media":0,"parent":0,"menu_order":30,"comment_status":"closed","ping_status":"closed","template":"","meta":{"_acf_changed":false,"footnotes":""},"class_list":["post-11570","page","type-page","status-publish","hentry"],"acf":[],"_links":{"self":[{"href":"https:\/\/softland.com\/mx\/wp-json\/wp\/v2\/pages\/11570","targetHints":{"allow":["GET"]}}],"collection":[{"href":"https:\/\/softland.com\/mx\/wp-json\/wp\/v2\/pages"}],"about":[{"href":"https:\/\/softland.com\/mx\/wp-json\/wp\/v2\/types\/page"}],"author":[{"embeddable":true,"href":"https:\/\/softland.com\/mx\/wp-json\/wp\/v2\/users\/1"}],"replies":[{"embeddable":true,"href":"https:\/\/softland.com\/mx\/wp-json\/wp\/v2\/comments?post=11570"}],"version-history":[{"count":12,"href":"https:\/\/softland.com\/mx\/wp-json\/wp\/v2\/pages\/11570\/revisions"}],"predecessor-version":[{"id":13574,"href":"https:\/\/softland.com\/mx\/wp-json\/wp\/v2\/pages\/11570\/revisions\/13574"}],"wp:attachment":[{"href":"https:\/\/softland.com\/mx\/wp-json\/wp\/v2\/media?parent=11570"}],"curies":[{"name":"wp","href":"https:\/\/api.w.org\/{rel}","templated":true}]}}