{"id":14434,"date":"2025-09-04T05:58:02","date_gmt":"2025-09-04T11:58:02","guid":{"rendered":"https:\/\/softland.com\/hn\/?page_id=14434"},"modified":"2025-09-04T05:58:35","modified_gmt":"2025-09-04T11:58:35","slug":"paga-menos-hace-mas-30-de-ahorro-en-licencias-softland","status":"publish","type":"page","link":"https:\/\/softland.com\/hn\/promociones\/paga-menos-hace-mas-30-de-ahorro-en-licencias-softland\/","title":{"rendered":"Pag\u00e1 menos, hac\u00e9 m\u00e1s: 30% de ahorro en Licencias Softland"},"content":{"rendered":"\n<h2 class=\"wp-block-heading\"><strong>T\u00e9rminos y condiciones de la Promoci\u00f3n<\/strong><\/h2>\n\n\n\n<p>Este reglamento es el marco legal que regular\u00e1 la presente promoci\u00f3n y las relaciones entre Softland y sus clientes, los cuales al participar en la promoci\u00f3n se entender\u00e1 que conocen y aceptan las condiciones y limitaciones de esta promoci\u00f3n.<\/p>\n\n\n\n<p><strong>I. ORGANIZADOR<\/strong><\/p>\n\n\n\n<p>El programa pertenece y es patrocinado por la compa\u00f1\u00eda <strong>SOFTCA HONDURAS S. DE R.L.<\/strong>, titular de la c\u00e9dula jur\u00eddica n\u00famero <strong>08019025137555<\/strong>, con domicilio en <strong>Complejo Industrial San Miguel, Honduras<\/strong>, tel\u00e9fono <strong>9819-6771<\/strong>.<\/p>\n\n\n\n<p><strong>II. OBJETIVO Y MEC\u00c1NICA DE LA PROMOCI\u00d3N<\/strong><\/p>\n\n\n\n<p>Softland, a trav\u00e9s de la promoci\u00f3n <strong>\u201cPag\u00e1 menos, hac\u00e9 m\u00e1s: 30% de ahorro en Licencias Softland\u201d<\/strong>, ofrece a los clientes con licencias On Premise la oportunidad de adquirir nuevas licencias con un descuento del 30% en las licencias en modalidad perpetua.<\/p>\n\n\n\n<p><strong>III. PLAZO DE LA PROMOCI\u00d3N<\/strong><\/p>\n\n\n\n<p>La promoci\u00f3n ser\u00e1 por tiempo limitado, iniciando el d\u00eda <strong>1 de septiembre de 2025<\/strong> y finalizando el d\u00eda <strong>30 de septiembre de 2025<\/strong>.<\/p>\n\n\n\n<p>El reglamento de esta promoci\u00f3n se encontrar\u00e1 a disposici\u00f3n de los interesados en la siguiente direcci\u00f3n:<br><a href=\"https:\/\/softland.com\/hn\/promociones\/paga-menos-hace-mas-30-de-ahorro-en-licencias-softland\/\">https:\/\/softland.com\/hn\/promociones\/paga-menos-hace-mas-30-de-ahorro-en-licencias-softland\/<\/a><\/p>\n\n\n\n<p><strong>IV. REQUISITOS DE PARTICIPACI\u00d3N<\/strong><\/p>\n\n\n\n<ul class=\"wp-block-list\">\n<li>Podr\u00e1n participar de esta promoci\u00f3n todas aquellas empresas que sean clientes de <strong>SOFTCA HONDURAS S. DE R.L.<\/strong> y que tengan su Acuerdo de Prestaci\u00f3n de Servicios de Actualizaci\u00f3n y Servicio Remoto vigente y al d\u00eda en el pago de licencias.<\/li>\n\n\n\n<li>Para que el cliente pueda beneficiarse de la promoci\u00f3n deber\u00e1 haber formalizado la compra, por medio de la firma y pago de la correspondiente propuesta comercial.<\/li>\n<\/ul>\n\n\n\n<p><strong>V. CONDICIONES GENERALES DE LA PROMOCI\u00d3N<\/strong><\/p>\n\n\n\n<ul class=\"wp-block-list\">\n<li>La promoci\u00f3n aplica solo a clientes actuales de <strong>SOFTCA HONDURAS S. DE R.L.<\/strong><\/li>\n\n\n\n<li>La licencia debe quedar pagada 100% en septiembre de 2025.<\/li>\n\n\n\n<li>El descuento en licencias aplica \u00fanicamente en modalidad perpetua.<\/li>\n\n\n\n<li>Esta promoci\u00f3n no es acumulable con otras promociones o descuentos.<\/li>\n\n\n\n<li>Cualquier otro servicio o m\u00f3dulo no contemplado en este reglamento deber\u00e1 ser cotizado por aparte.<\/li>\n\n\n\n<li>Esta promoci\u00f3n no es transferible ni susceptible de ser cambiada por ning\u00fan otro producto o servicio diferente al promocionado o por dinero en efectivo. De igual forma, no puede ser comercializado, cedido o transferido de ninguna forma.<\/li>\n\n\n\n<li>Para cualquier aclaraci\u00f3n o informaci\u00f3n relacionada con esta promoci\u00f3n, puede comunicarse al correo electr\u00f3nico <strong>informeshonduras@softland.com<\/strong><\/li>\n<\/ul>\n\n\n\n<p><strong>VI. LEY APLICABLE Y JURISDICCI\u00d3N<\/strong><\/p>\n\n\n\n<p>Para el conocimiento de cualquier litigio que pudiera plantearse en cuanto a la interpretaci\u00f3n o aplicaci\u00f3n de las presentes bases, tanto <strong>SOFTCA HONDURAS S. DE R.L.<\/strong> como los participantes en esta promoci\u00f3n se someten expresamente a la jurisdicci\u00f3n y competencia de los juzgados y tribunales de Honduras.<\/p>\n\n\n\n<p>\u00a9 2025 SOFTCA HONDURAS S. DE R.L. Todos los derechos reservados. Softland y el logo de Softland, son marcas registradas o marcas comerciales de Softland en Latinoam\u00e9rica, Espa\u00f1a y\/u otros pa\u00edses. Todas las dem\u00e1s marcas son propiedad de sus respectivos fabricantes.<\/p>\n","protected":false},"excerpt":{"rendered":"<p>T\u00e9rminos y condiciones de la Promoci\u00f3n Este reglamento es el marco legal que regular\u00e1 la presente promoci\u00f3n y las relaciones entre Softland y sus clientes, [&hellip;]<\/p>\n","protected":false},"author":4,"featured_media":0,"parent":14432,"menu_order":0,"comment_status":"closed","ping_status":"closed","template":"","meta":{"_acf_changed":false,"footnotes":""},"class_list":["post-14434","page","type-page","status-publish","hentry"],"acf":[],"_links":{"self":[{"href":"https:\/\/softland.com\/hn\/wp-json\/wp\/v2\/pages\/14434","targetHints":{"allow":["GET"]}}],"collection":[{"href":"https:\/\/softland.com\/hn\/wp-json\/wp\/v2\/pages"}],"about":[{"href":"https:\/\/softland.com\/hn\/wp-json\/wp\/v2\/types\/page"}],"author":[{"embeddable":true,"href":"https:\/\/softland.com\/hn\/wp-json\/wp\/v2\/users\/4"}],"replies":[{"embeddable":true,"href":"https:\/\/softland.com\/hn\/wp-json\/wp\/v2\/comments?post=14434"}],"version-history":[{"count":2,"href":"https:\/\/softland.com\/hn\/wp-json\/wp\/v2\/pages\/14434\/revisions"}],"predecessor-version":[{"id":14437,"href":"https:\/\/softland.com\/hn\/wp-json\/wp\/v2\/pages\/14434\/revisions\/14437"}],"up":[{"embeddable":true,"href":"https:\/\/softland.com\/hn\/wp-json\/wp\/v2\/pages\/14432"}],"wp:attachment":[{"href":"https:\/\/softland.com\/hn\/wp-json\/wp\/v2\/media?parent=14434"}],"curies":[{"name":"wp","href":"https:\/\/api.w.org\/{rel}","templated":true}]}}