{"id":22238,"date":"2025-08-20T08:19:40","date_gmt":"2025-08-20T14:19:40","guid":{"rendered":"https:\/\/softland.com\/cr\/?page_id=22238"},"modified":"2025-11-12T11:28:56","modified_gmt":"2025-11-12T17:28:56","slug":"paga-menos-hace-mas-30-de-ahorro-en-licencias-softland","status":"publish","type":"page","link":"https:\/\/softland.com\/cr\/promociones\/paga-menos-hace-mas-30-de-ahorro-en-licencias-softland\/","title":{"rendered":"\u00a1Llegaron las Blue Weeks! 30% de ahorro en licencias de usuario Softland ERP."},"content":{"rendered":"\n<h2 class=\"wp-block-heading\"><strong>T\u00e9rminos y condiciones de la Promoci\u00f3n<\/strong><\/h2>\n\n\n\n<p>Este reglamento es el marco legal que regular\u00e1 la presente promoci\u00f3n y las relaciones entre Softland y sus clientes, los cuales al participar en la promoci\u00f3n se entender\u00e1 que conocen y aceptan las condiciones y limitaciones de esta promoci\u00f3n.<\/p>\n\n\n\n<ol start=\"1\" style=\"list-style-type:upper-roman\" class=\"wp-block-list\">\n<li><strong>ORGANIZADOR:<\/strong>\u00a0El programa pertenece y es patrocinado por la compa\u00f1\u00eda Softland Costa Rica S.R.L. titular de la c\u00e9dula de persona jur\u00eddica n\u00famero 3-102-261960 y con domicilio en Heredia, Centro Ejecutivo Diursa, segunda etapa, piso 6\u00ba. Barreal de Heredia, Costa Rica.<br><\/li>\n\n\n\n<li><strong>OBJETIVO Y MEC\u00c1NICA DE LA PROMOCI\u00d3N.\u00a0<\/strong>Softland a trav\u00e9s de la promoci\u00f3n\u00a0\u201c<strong>\u00a1Llegaron las Blue Weeks! 30% de ahorro en licencias de usuario Softland ERP\u201d,<\/strong>\u00a0El objetivo es ofrecer a los clientes con licencias On Premise la oportunidad de adquirir nuevas licencias con un descuento del 30% en las licencias en modalidad perpetua (On Premise).<br><\/li>\n\n\n\n<li><strong>PLAZO DE LA PROMOCI\u00d3N.\u00a0<\/strong>La promoci\u00f3n ser\u00e1 por tiempo limitado, iniciando el <strong>d\u00eda 13 de<\/strong> <strong>noviembre <\/strong>de 2025 <strong>y finalizando el d\u00eda 28 de noviembre<\/strong> de 2025. El reglamento de esta promoci\u00f3n se encontrar\u00e1 a disposici\u00f3n de los interesados, en la siguiente direcci\u00f3n:\u00a0<a href=\"https:\/\/softland.com\/cr\/promociones\/paga-menos-hace-mas-30-de-ahorro-en-licencias-softland\/\">https:\/\/softland.com\/cr\/promociones\/paga-menos-hace-mas-30-de-ahorro-en-licencias-softland\/<\/a><br><\/li>\n\n\n\n<li><strong>REQUISITOS DE PARTICIPACI\u00d3N.<\/strong>\u00a0La presente promoci\u00f3n estar\u00e1 sujeta a las siguientes condiciones:<br><br>a) Podr\u00e1n participar de esta promoci\u00f3n todas aquellas empresas que sean clientes de\u00a0<strong>Softland Costa Rica S.R.L<\/strong>. y que tengan su Acuerdo de Prestaci\u00f3n de Servicios de Actualizaci\u00f3n y Servicio Remoto vigente y al d\u00eda en el pago de licencias.<br><br>b) Para que el cliente pueda beneficiarse de la promoci\u00f3n deber\u00e1 haber formalizado la compra, por medio de la firma y pago de la correspondiente propuesta comercial.<br><\/li>\n\n\n\n<li><strong>CONDICIONES GENERALES DE LA PROMOCI\u00d3N.\u00a0<\/strong>La presente promoci\u00f3n estar\u00e1 sujeta a las siguientes restricciones:<br><br>a) La promoci\u00f3n <strong>aplica<\/strong> solo a <strong>clientes actuales de Softland Costa Rica S.R.L<\/strong><br><strong>b) La licencia debe quedar pagada al 100% en noviembre de 2025.<\/strong><br>c) El descuento en licencias aplica <strong>\u00fanicamente en modalidad perpetua<\/strong>.<br>d) Esta promoci\u00f3n no es acumulable con otras promociones o descuentos.<br><strong>e) No aplica para esta promoci\u00f3n:<\/strong> licencias de productos de terceros, tales como Microsoft SQL Server, Licencia de Pedidos IA, entre otros. No aplica para la modalidad de Suscripci\u00f3n (alquiler), Cloud, aumentos de empleados, ni BPO. <strong>No aplica tampoco<\/strong> para upgrade de usuarios, ni en el Contrato de Actualizaci\u00f3n y Soporte Remoto.<br><strong>f) No aplica para desarrollos a la medida. <\/strong>Cualquier otro servicio o m\u00f3dulo no contemplado en este reglamento, deber\u00e1 ser cotizado por aparte.<br>g) El monto del Acuerdo de Prestaci\u00f3n de Servicios de Actualizaci\u00f3n y Servicio Remoto como consecuencia de resultar beneficiado de esta promoci\u00f3n se ajustar\u00e1 seg\u00fan el nivel de contrato que tiene cada cliente y al periodo proporcional hasta su pr\u00f3xima renovaci\u00f3n.<br>h) El env\u00edo de las licencias definitiva por parte de Softland se dar\u00e1 una vez que el cliente haya realizado el pago total en el tiempo acordado en la propuesta comercial de ventas.<br>i) Esta promoci\u00f3n no es transferible ni susceptible de ser cambiada por ning\u00fan otro producto o servicio diferente al promocionado o por dinero en efectivo. De igual forma, no puede ser comercializado, cedido o transferido de ninguna forma.<br>j) Para cualquier aclaraci\u00f3n o informaci\u00f3n relacionada con esta promoci\u00f3n, puede comunicarse al correo electr\u00f3nico\u00a0<a href=\"mailto:informes@softland.cr\">informes@softland.cr<\/a><\/li>\n<\/ol>\n\n\n\n<ol start=\"4\" style=\"list-style-type:upper-roman\" class=\"wp-block-list\"><\/ol>\n\n\n\n<ol start=\"5\" style=\"list-style-type:upper-roman\" class=\"wp-block-list\"><\/ol>\n\n\n\n<ol style=\"list-style-type:lower-alpha\" class=\"wp-block-list\"><\/ol>\n\n\n\n<ol start=\"6\" style=\"list-style-type:upper-roman\" class=\"wp-block-list\">\n<li><strong>LEY APLICABLE Y JURISDICCI\u00d3N.<\/strong>\u00a0Para el conocimiento de cualquier litigio que pudiera plantearse en cuanto a la interpretaci\u00f3n o aplicaci\u00f3n de las presentes bases, tanto Softland Costa Rica S.R.L como los participantes en esta promoci\u00f3n se someten expresamente a la jurisdicci\u00f3n y competencia de los juzgados y tribunales de Costa Rica, con renuncia expresa a otro lugar fuera que pudiera corresponderles.<\/li>\n<\/ol>\n\n\n\n<ol style=\"list-style-type:lower-roman\" class=\"wp-block-list\"><\/ol>\n","protected":false},"excerpt":{"rendered":"<p>T\u00e9rminos y condiciones de la Promoci\u00f3n Este reglamento es el marco legal que regular\u00e1 la presente promoci\u00f3n y las relaciones entre Softland y sus clientes, [&hellip;]<\/p>\n","protected":false},"author":4,"featured_media":0,"parent":22236,"menu_order":30,"comment_status":"closed","ping_status":"closed","template":"","meta":{"_acf_changed":false,"footnotes":""},"class_list":["post-22238","page","type-page","status-publish","hentry"],"acf":[],"_links":{"self":[{"href":"https:\/\/softland.com\/cr\/wp-json\/wp\/v2\/pages\/22238","targetHints":{"allow":["GET"]}}],"collection":[{"href":"https:\/\/softland.com\/cr\/wp-json\/wp\/v2\/pages"}],"about":[{"href":"https:\/\/softland.com\/cr\/wp-json\/wp\/v2\/types\/page"}],"author":[{"embeddable":true,"href":"https:\/\/softland.com\/cr\/wp-json\/wp\/v2\/users\/4"}],"replies":[{"embeddable":true,"href":"https:\/\/softland.com\/cr\/wp-json\/wp\/v2\/comments?post=22238"}],"version-history":[{"count":4,"href":"https:\/\/softland.com\/cr\/wp-json\/wp\/v2\/pages\/22238\/revisions"}],"predecessor-version":[{"id":23422,"href":"https:\/\/softland.com\/cr\/wp-json\/wp\/v2\/pages\/22238\/revisions\/23422"}],"up":[{"embeddable":true,"href":"https:\/\/softland.com\/cr\/wp-json\/wp\/v2\/pages\/22236"}],"wp:attachment":[{"href":"https:\/\/softland.com\/cr\/wp-json\/wp\/v2\/media?parent=22238"}],"curies":[{"name":"wp","href":"https:\/\/api.w.org\/{rel}","templated":true}]}}