{"id":11569,"date":"2024-03-25T16:08:58","date_gmt":"2024-03-25T16:08:58","guid":{"rendered":"https:\/\/john.hosting-johnappleman.com\/?page_id=20"},"modified":"2025-03-05T08:57:07","modified_gmt":"2025-03-05T14:57:07","slug":"politica-de-cookies","status":"publish","type":"page","link":"https:\/\/softland.com\/co\/politica-de-cookies\/","title":{"rendered":"Politica de Cookies"},"content":{"rendered":"\n<p><em>NOTA: Esta Pol\u00edtica de Cookies fue actualizada por \u00faltima vez en 2 de enero de 2025.<\/em><br><em>La presente Pol\u00edtica es parte integrante de la Pol\u00edtica de Privacidad.<\/em><\/p>\n\n\n\n<p><strong>Introducci\u00f3n<\/strong><\/p>\n\n\n\n<p>Tal y como establece el Considerando 30 del RGPD, las personas f\u00edsicas pueden ser asociadas a identificadores facilitados por sus dispositivos, aplicaciones, herramientas y protocolos, como direcciones de los protocolos de internet, identificadores de sesi\u00f3n en forma de \u201ccookies\u201d u otros identificadores, como etiquetas de identificaci\u00f3n por radiofrecuencia.<\/p>\n\n\n\n<p>El art\u00edculo 22 de la Ley 34\/2002, de 11 de julio, de servicios de la sociedad de la informaci\u00f3n y de comercio electr\u00f3nico (LSSICE), relativo a los derechos de los destinatarios en las comunicaciones comerciales por v\u00eda electr\u00f3nica, establece que los prestadores de servicios s\u00f3lo podr\u00e1n utilizar dispositivos de almacenamiento y recuperaci\u00f3n de datos en equipos terminales de los destinatarios, cuando \u00e9stos hayan dado su consentimiento previo informado.<\/p>\n\n\n\n<p>Los destinatarios y usuarios finales deben disponer de una informaci\u00f3n clara y completa sobre su utilizaci\u00f3n, en particular, sobre los fines del tratamiento de los datos, con arreglo a lo dispuesto en la normativa protectora de datos personales.<\/p>\n\n\n\n<p>Lo anterior no impedir\u00e1 el posible almacenamiento o acceso de \u00edndole t\u00e9cnica al solo fin de efectuar la transmisi\u00f3n de una comunicaci\u00f3n por una red de comunicaciones electr\u00f3nicas o, en la medida que resulte estrictamente necesario, para la prestaci\u00f3n de un servicio de la sociedad de la informaci\u00f3n expresamente solicitado por el destinatario.<\/p>\n\n\n\n<p><strong>\u00bfQu\u00e9 es una cookie y para qu\u00e9 se utilizan?<\/strong><\/p>\n\n\n\n<p>Una cookie es un fichero que se descarga en su ordenador, tablet, smartphone o cualquier otro dispositivo al acceder a determinadas p\u00e1ginas web. Las cookies permiten a una p\u00e1gina web, entre otras cosas, almacenar y recuperar informaci\u00f3n sobre los h\u00e1bitos de navegaci\u00f3n de un usuario o de su equipo y, dependiendo de la informaci\u00f3n que contengan y de la forma en que utilice su equipo, pueden utilizarse para reconocer al usuario. En ning\u00fan caso las cookies podr\u00edan da\u00f1ar su equipo. Por contra, el que est\u00e9n activas nos ayuda a identificar y resolver los posibles errores.<\/p>\n\n\n\n<p><strong>Identificaci\u00f3n de cookies<\/strong><\/p>\n\n\n\n<p>A continuaci\u00f3n, se realiza una clasificaci\u00f3n de las cookies en funci\u00f3n de una serie de categor\u00edas. No obstante, es necesario tener en cuenta que una misma cookie puede estar incluida en m\u00e1s de una categor\u00eda.<\/p>\n\n\n\n<p><strong>Tipos de cookies utilizadas en este Sitio Web<\/strong><\/p>\n\n\n\n<p>Las cookies empleadas en el sitio web se dividen en:<\/p>\n\n\n\n<p>Tipos de cookies seg\u00fan la entidad que las gestiona:<\/p>\n\n\n\n<ul class=\"wp-block-list\">\n<li>Cookies propias<\/li>\n<\/ul>\n\n\n\n<p>Son las estrictamente necesarias como, por ejemplo, aquellas que sirvan para una correcta navegaci\u00f3n o para reconocer las preferencias del usuario en su visita a la web y cookies anal\u00edticas de primera parte para recopilar datos estad\u00edsticos de la actividad.<\/p>\n\n\n\n<figure class=\"wp-block-table\"><table class=\"has-fixed-layout\"><thead><tr><td>&nbsp;<\/td><td colspan=\"2\">&nbsp;<\/td><\/tr><tr><td><strong>Nombre&nbsp;de la cookie<\/strong><\/td><td><strong>Informaci\u00f3n que recoge<\/strong><\/td><td><strong>Finalidad<\/strong><\/td><\/tr><\/thead><tbody><tr><td>ARRAffinity<\/td><td>Sesi\u00f3n y Registro<\/td><td>Son temporales y desaparecen cuando termina la sesi\u00f3n. Ayudan a analizar las pautas de tr\u00e1fico en el sitio web para adecuar los servicios<\/td><\/tr><tr><td>complianz_consent_status<\/td><td>&nbsp;Sesi\u00f3n y Registro<\/td><td>Se guardan las preferencias del usuario acerca del consentimiento o no de las cookies.&nbsp;<\/td><\/tr><tr><td>slimstat_tracking_code<\/td><td>Sesi\u00f3n<\/td><td>Es temporal y desaparece cuando termina la sesi\u00f3n. Ayuda a analizar el tr\u00e1fico en el sitio web para adecuar los servicios.<\/td><\/tr><tr><td>dont_track_me<\/td><td>Funcional<\/td><td>Es temporal y desaparece cuando termina la sesi\u00f3n.<\/td><\/tr><\/tbody><\/table><\/figure>\n\n\n\n<figure class=\"wp-block-table\"><table class=\"has-fixed-layout\"><tbody><tr><td><strong>Cookie<\/strong><\/td><td><strong>Tipo<\/strong><\/td><td><strong>Finalidad<\/strong><\/td><td><strong>Entidad responsable<\/strong><\/td><td><strong>Plazo de tiempo (de sesi\u00f3n \/ persistente)<\/strong><\/td><\/tr><tr><td>_clck<\/td><td>Estad\u00edsticas<\/td><td>Monitorizaci\u00f3n de marketing a trav\u00e9s de Microsoft Clarity<\/td><td>Microsoft Clarity<\/td><td>1 a\u00f1o<\/td><\/tr><tr><td>_clsk<\/td><td>Estad\u00edsticas<\/td><td>Conecta varias vistas de p\u00e1gina por parte de un usuario en una sola grabaci\u00f3n de sesi\u00f3n de Clarity.<\/td><td>Microsoft Clarity<\/td><td>1 d\u00eda<\/td><\/tr><tr><td>CLID<\/td><td>Estad\u00edsticas<\/td><td>Esta cookie la instala Microsoft Clarity y almacena informaci\u00f3n sobre c\u00f3mo los visitantes utilizan el sitio web. La cookie contribuye a la creaci\u00f3n de un informe de an\u00e1lisis. La recopilaci\u00f3n de datos incluye el n\u00famero de visitantes, desde d\u00f3nde visitan el sitio web y las p\u00e1ginas visitadas en el sitio web.<\/td><td>Microsoft Clarity<\/td><td>1 a\u00f1o<\/td><\/tr><tr><td>MUID<\/td><td>Estad\u00edsticas<\/td><td>Usado por Microsoft como un ID de usuario \u00fanico. Esta cookie de bing.com permite el seguimiento sincronizando la ID en muchos dominios de Microsoft.<\/td><td>Microsoft Clarity<\/td><td>390 d\u00edas<\/td><\/tr><tr><td>SM<\/td><td>Estad\u00edsticas<\/td><td>Se utiliza para sincronizar el MUID entre dominios de Microsoft.<\/td><td>Microsoft Clarity<\/td><td>1 d\u00eda<\/td><\/tr><\/tbody><\/table><\/figure>\n\n\n\n<ul class=\"wp-block-list\">\n<li>Cookies de Terceros:<\/li>\n<\/ul>\n\n\n\n<p>Las cookies de terceros son las usadas para identificaci\u00f3n, o por complementos externos de contenido como el buscador de Google.<\/p>\n\n\n\n<figure class=\"wp-block-table\"><table class=\"has-fixed-layout\"><thead><tr><td>&nbsp;<\/td><td colspan=\"2\">&nbsp;<\/td><\/tr><tr><td><strong>Nombre&nbsp;de la cookie<\/strong><\/td><td>&nbsp;<\/td><td><strong>Finalidad<\/strong><\/td><\/tr><\/thead><tbody><tr><td>_ utma: _utmb: _utmc: sesi\u00f3n _utmt _utmz:_______<\/td><td>&nbsp;<\/td><td>Estas cookies de Google Analytics generan un ID de usuario an\u00f3nimo, que es el que se utiliza para hacer recuento de cuantas veces visita el sitio un usuario. Tambi\u00e9n registra cuando fue la primera y la \u00faltima vez que visit\u00f3 la web.<\/td><\/tr><tr><td>Qtrans_cookie<\/td><td>&nbsp;<\/td><td>Esta cookie de Google es utilizada para recordar que ha iniciado la sesi\u00f3n y mantenerla activa<\/td><\/tr><\/tbody><\/table><\/figure>\n\n\n\n<p>La Entidad utiliza los servicios de un tercero, incluyendo la tecnolog\u00eda cookie, para la realizaci\u00f3n de anal\u00edticas de audiencia.<\/p>\n\n\n\n<p>Tipo de cookies en funci\u00f3n de su duraci\u00f3n:<\/p>\n\n\n\n<ul class=\"wp-block-list\">\n<li>Cookies de sesi\u00f3n: son un tipo de cookies dise\u00f1adas para recabar y almacenar datos mientras el usuario accede a una p\u00e1gina web.<\/li>\n\n\n\n<li>Cookies persistentes: son un tipo de cookies en el que los datos siguen almacenados en el terminal y pueden ser accedidos y tratados durante un periodo definido por el responsable de la cookie.<\/li>\n<\/ul>\n\n\n\n<p>Tipos de cookies seg\u00fan su finalidad:<\/p>\n\n\n\n<ul class=\"wp-block-list\">\n<li>Cookies t\u00e9cnicas o funcionales: Estas cookies permiten que el sitio web recuerde las elecciones utilizadas por los usuarios, con el fin de proporcionar caracter\u00edsticas mejores y m\u00e1s adaptadas.<\/li>\n\n\n\n<li>Cookies de an\u00e1lisis: Son aquellas que permiten optimizar la experiencia del sitio web de nuestros usuarios. Con estas cookies anal\u00edticas obtenemos informaci\u00f3n sobre el uso de nuestro sitio web, de modo que nos permite cuantificar el n\u00famero de usuarios que acceden al sitio web y as\u00ed realizar la medici\u00f3n y an\u00e1lisis estad\u00edstico del uso de la misma.<\/li>\n\n\n\n<li>Cookies de publicidad: Son aquellas que permiten la gesti\u00f3n, de la forma m\u00e1s eficaz posible, de los espacios publicitarios que, en su caso, el editor haya incluido en una p\u00e1gina web, aplicaci\u00f3n o plataforma desde la que presta el servicio solicitado. Estas cookies almacenan informaci\u00f3n del comportamiento de usuarios obtenida a trav\u00e9s de la observaci\u00f3n continuada de sus h\u00e1bitos de navegaci\u00f3n, lo que permite desarrollar un perfil espec\u00edfico para mostrar publicidad en funci\u00f3n del mismo.\u00a0<\/li>\n<\/ul>\n\n\n\n<p><strong><br>C\u00f3mo administrar las cookies en el navegador<\/strong><\/p>\n\n\n\n<p>Los navegadores m\u00e1s populares tienen opciones de configuraci\u00f3n y funcionalidades de seguridad que te permiten evitar la instalaci\u00f3n de cookies y\/o de otros sistemas de recogida de datos de navegaci\u00f3n en tu dispositivo. Puedes configurar tu navegador para que no acepte las cookies, pero ten en cuenta que ello podr\u00eda bloquear determinadas funcionalidades o limitar el acceso a algunos contenidos de nuestras webs.<\/p>\n\n\n\n<p>Puedes consultar los pasos para deshabilitar la instalaci\u00f3n de cookies en las secciones de \u201cAyuda\u201d de las p\u00e1ginas web de cada navegador:<\/p>\n\n\n\n<ul class=\"wp-block-list\">\n<li><a href=\"https:\/\/support.google.com\/chrome\/answer\/95647?hl=es\" target=\"_blank\" rel=\"noreferrer noopener\">Google Chrome<\/a><\/li>\n\n\n\n<li><a href=\"http:\/\/support.mozilla.org\/es\/kb\/habilitar-y-deshabilitar-cookies-que-los-sitios-we\" target=\"_blank\" rel=\"noreferrer noopener\">Mozilla Firefox<\/a><\/li>\n\n\n\n<li><a href=\"http:\/\/windows.microsoft.com\/es-es\/windows-vista\/block-or-allow-cookies\" target=\"_blank\" rel=\"noreferrer noopener\">Internet Explorer<\/a><\/li>\n\n\n\n<li><a href=\"http:\/\/support.apple.com\/kb\/ph5042\" target=\"_blank\" rel=\"noreferrer noopener\">Safari<\/a><\/li>\n\n\n\n<li><a href=\"http:\/\/support.apple.com\/kb\/ht1677?viewlocale=es_es&amp;locale=es_es\" target=\"_blank\" rel=\"noreferrer noopener\">Safari para IOS (iPhone y iPad)<\/a><\/li>\n\n\n\n<li><a href=\"https:\/\/support.google.com\/chrome\/answer\/2392971?hl=es\" target=\"_blank\" rel=\"noreferrer noopener\">Chrome para Android<\/a><\/li>\n<\/ul>\n\n\n\n<p>Si rechaza la instalaci\u00f3n de cookies podr\u00e1 seguir usando el sitio web, aunque el uso de algunos de sus servicios podr\u00e1 ser limitado y por tanto su experiencia en nuestro sitio web resultar menos satisfactoria.<\/p>\n\n\n\n<p>Si quisiese retirar en cualquier momento su consentimiento relacionado con la presente Pol\u00edtica de Cookies, deber\u00e1 eliminar las cookies almacenadas a trav\u00e9s de los ajustes y configuraciones de su navegador de Internet, o bien mediante el pop-up de cookies habilitado al efecto en la p\u00e1gina Web.<\/p>\n\n\n\n<p><strong>Revocar el consentimiento prestado<\/strong><\/p>\n\n\n\n<p>Si quisiese retirar en cualquier momento su consentimiento relacionado con la presente Pol\u00edtica de Cookies, deber\u00e1 eliminar las cookies almacenadas a trav\u00e9s de los ajustes y configuraciones de su navegador de Internet, o bien mediante el pop-up de cookies habilitado al efecto en la p\u00e1gina Web.<\/p>\n\n\n\n<p><strong>Posibles modificaciones de la Pol\u00edtica de Cookies<\/strong><\/p>\n\n\n\n<p>Esta Pol\u00edtica de Cookies podr\u00e1 ser modificada en virtud de cualquier cambio legal o jurisprudencial que se produzca en relaci\u00f3n con las cookies o por cualquiera otra circunstancia.<\/p>\n\n\n\n<p>Las modificaciones de la Pol\u00edtica de Cookies ser\u00e1n debidamente publicadas en la p\u00e1gina principal de nuestro sitio web.<\/p>\n\n\n\n<p>Por ello, se recomienda al usuario que consulte la Pol\u00edtica de Cookies regularmente con el fin de que conozca los cambios realizados y en su caso asegurarse de que est\u00e1 de acuerdo con la misma.<a href=\"https:\/\/www.johnappleman.com\/\" target=\"_blank\" rel=\"noopener\"><\/a><\/p>\n","protected":false},"excerpt":{"rendered":"<p>NOTA: Esta Pol\u00edtica de Cookies fue actualizada por \u00faltima vez en 2 de enero de 2025.La presente Pol\u00edtica es parte integrante de la Pol\u00edtica de [&hellip;]<\/p>\n","protected":false},"author":1,"featured_media":0,"parent":0,"menu_order":32,"comment_status":"closed","ping_status":"closed","template":"","meta":{"_acf_changed":false,"footnotes":""},"class_list":["post-11569","page","type-page","status-publish","hentry"],"acf":[],"_links":{"self":[{"href":"https:\/\/softland.com\/co\/wp-json\/wp\/v2\/pages\/11569","targetHints":{"allow":["GET"]}}],"collection":[{"href":"https:\/\/softland.com\/co\/wp-json\/wp\/v2\/pages"}],"about":[{"href":"https:\/\/softland.com\/co\/wp-json\/wp\/v2\/types\/page"}],"author":[{"embeddable":true,"href":"https:\/\/softland.com\/co\/wp-json\/wp\/v2\/users\/1"}],"replies":[{"embeddable":true,"href":"https:\/\/softland.com\/co\/wp-json\/wp\/v2\/comments?post=11569"}],"version-history":[{"count":4,"href":"https:\/\/softland.com\/co\/wp-json\/wp\/v2\/pages\/11569\/revisions"}],"predecessor-version":[{"id":18838,"href":"https:\/\/softland.com\/co\/wp-json\/wp\/v2\/pages\/11569\/revisions\/18838"}],"wp:attachment":[{"href":"https:\/\/softland.com\/co\/wp-json\/wp\/v2\/media?parent=11569"}],"curies":[{"name":"wp","href":"https:\/\/api.w.org\/{rel}","templated":true}]}}