{"id":919,"date":"2019-05-14T16:21:29","date_gmt":"2019-05-14T19:21:29","guid":{"rendered":"https:\/\/softland.com\/ar\/?page_id=919"},"modified":"2024-10-10T09:14:14","modified_gmt":"2024-10-10T12:14:14","slug":"politica-de-privacidad","status":"publish","type":"page","link":"https:\/\/softland.com\/ar\/politica-de-privacidad\/","title":{"rendered":"Pol\u00edtica de privacidad"},"content":{"rendered":"\t\t<div data-elementor-type=\"wp-post\" data-elementor-id=\"919\" class=\"elementor elementor-919\" data-elementor-post-type=\"page\">\n\t\t\t\t\t\t<section class=\"elementor-section elementor-top-section elementor-element elementor-element-21fd5e7 elementor-section-stretched elementor-section-full_width elementor-section-content-top elementor-section-height-default elementor-section-height-default\" data-id=\"21fd5e7\" data-element_type=\"section\" data-e-type=\"section\" data-settings=\"{&quot;stretch_section&quot;:&quot;section-stretched&quot;,&quot;background_background&quot;:&quot;classic&quot;,&quot;motion_fx_motion_fx_scrolling&quot;:&quot;yes&quot;,&quot;motion_fx_devices&quot;:[&quot;desktop&quot;,&quot;tablet&quot;,&quot;mobile&quot;]}\">\n\t\t\t\t\t\t<div class=\"elementor-container elementor-column-gap-default\">\n\t\t\t\t\t<div class=\"elementor-column elementor-col-100 elementor-top-column elementor-element elementor-element-7bb03bf\" data-id=\"7bb03bf\" data-element_type=\"column\" data-e-type=\"column\">\n\t\t\t<div class=\"elementor-widget-wrap elementor-element-populated\">\n\t\t\t\t\t\t<div class=\"elementor-element elementor-element-51c8b43 elementor-widget elementor-widget-spacer\" data-id=\"51c8b43\" data-element_type=\"widget\" data-e-type=\"widget\" data-widget_type=\"spacer.default\">\n\t\t\t\t\t\t\t<div class=\"elementor-spacer\">\n\t\t\t<div class=\"elementor-spacer-inner\"><\/div>\n\t\t<\/div>\n\t\t\t\t\t\t<\/div>\n\t\t\t\t<div class=\"elementor-element elementor-element-f81ab46 elementor-widget elementor-widget-heading\" data-id=\"f81ab46\" data-element_type=\"widget\" data-e-type=\"widget\" data-widget_type=\"heading.default\">\n\t\t\t\t\t<h2 class=\"elementor-heading-title elementor-size-default\">Pol\u00edtica de privacidad<\/h2>\t\t\t\t<\/div>\n\t\t\t\t<div class=\"elementor-element elementor-element-df131ce elementor-widget elementor-widget-spacer\" data-id=\"df131ce\" data-element_type=\"widget\" data-e-type=\"widget\" data-widget_type=\"spacer.default\">\n\t\t\t\t\t\t\t<div class=\"elementor-spacer\">\n\t\t\t<div class=\"elementor-spacer-inner\"><\/div>\n\t\t<\/div>\n\t\t\t\t\t\t<\/div>\n\t\t\t\t\t<\/div>\n\t\t<\/div>\n\t\t\t\t\t<\/div>\n\t\t<\/section>\n\t\t\t\t<section class=\"elementor-section elementor-top-section elementor-element elementor-element-a2dcef3 elementor-section-boxed elementor-section-height-default elementor-section-height-default\" data-id=\"a2dcef3\" data-element_type=\"section\" data-e-type=\"section\" id=\"mas\">\n\t\t\t\t\t\t<div class=\"elementor-container elementor-column-gap-default\">\n\t\t\t\t\t<div class=\"elementor-column elementor-col-100 elementor-top-column elementor-element elementor-element-0afc651\" data-id=\"0afc651\" data-element_type=\"column\" data-e-type=\"column\">\n\t\t\t<div class=\"elementor-widget-wrap elementor-element-populated\">\n\t\t\t\t\t\t<div class=\"elementor-element elementor-element-58bea3c elementor-widget elementor-widget-spacer\" data-id=\"58bea3c\" data-element_type=\"widget\" data-e-type=\"widget\" data-widget_type=\"spacer.default\">\n\t\t\t\t\t\t\t<div class=\"elementor-spacer\">\n\t\t\t<div class=\"elementor-spacer-inner\"><\/div>\n\t\t<\/div>\n\t\t\t\t\t\t<\/div>\n\t\t\t\t\t<\/div>\n\t\t<\/div>\n\t\t\t\t\t<\/div>\n\t\t<\/section>\n\t\t\t\t<section class=\"elementor-section elementor-top-section elementor-element elementor-element-3a89eab elementor-section-boxed elementor-section-height-default elementor-section-height-default\" data-id=\"3a89eab\" data-element_type=\"section\" data-e-type=\"section\">\n\t\t\t\t\t\t<div class=\"elementor-container elementor-column-gap-default\">\n\t\t\t\t\t<div class=\"elementor-column elementor-col-100 elementor-top-column elementor-element elementor-element-901f719\" data-id=\"901f719\" data-element_type=\"column\" data-e-type=\"column\">\n\t\t\t<div class=\"elementor-widget-wrap elementor-element-populated\">\n\t\t\t\t\t\t<div class=\"elementor-element elementor-element-942baee elementor-widget elementor-widget-text-editor\" data-id=\"942baee\" data-element_type=\"widget\" data-e-type=\"widget\" data-widget_type=\"text-editor.default\">\n\t\t\t\t\t\t\t\t\t<p><strong><em>Ultima actualizaci\u00f3n: 26 de septiembre de 2024.<\/em><\/strong><\/p><p><strong>Pol\u00edticas de Privacidad.<br \/><\/strong><\/p><p>La presente Pol\u00edtica de Privacidad (en adelante, \u201cPol\u00edtica\u201d) se aplicar\u00e1 al tratamiento de los datos de todos los usuarios que accedan o interact\u00faen con el sitio de Internet softland.com.ar (en adelante, el \u201cSitio \u201d) y a los que proporcionen a trav\u00e9s de cualquiera de nuestros canales de contacto y\/o de los servicios ofrecidos a trav\u00e9s de los mismos, de propiedad de Softland Argentina S.A., CUIT 30 \u2013 64694113 \u2013 6, con domicilio en Av. Del Libertador 6343, piso 11, de la Ciudad Aut\u00f3noma de Buenos Aires (en adelante, \u201cSoftland\u201d).<\/p><p><strong>Previo a utilizar el Sitio Web, Usted deber\u00e1 leer y aceptar esta Pol\u00edtica. En caso de no estar de acuerdo con la misma, deber\u00e1 abstenerse de utilizar el Sitio Web y de proporcionar sus datos a Softland.<\/strong><\/p><p>\u00a0<\/p><p>Softland se encuentra comprometido con la protecci\u00f3n de sus datos personales (\u201cDatos Personales\u201d) y el cumplimiento de las disposiciones relativas a la protecci\u00f3n de la privacidad, en particular, la Ley 25.326 de Protecci\u00f3n de Datos Personales, su Decreto Reglamentario 1558\/2001 y las resoluciones de la autoridad de aplicaci\u00f3n de la Ley 25.326 (&#8220;Leyes Vigentes&#8221;).<\/p><p>Todos los datos personales son recolectados y almacenados en bases de datos de titularidad de Softland Argentina S.A., inscriptas ante el Registro Nacional de Bases de Datos en cumplimiento de los art\u00edculos 21 y 22 de la Ley 25.326, con domicilio en Av. Del Libertador 6343, piso 11, de la Ciudad Aut\u00f3noma de Buenos Aires. El Usuario acepta y consiente libre y expresamente que los Datos Personales facilitados o que facilite en el futuro a Softland, sean objeto de tratamiento, de conformidad con lo aqu\u00ed previsto.<\/p><ol><li><strong> Datos Personales a los que accede Softland. <\/strong><\/li><\/ol><ul><li><u>Datos proporcionados directamente por usted<\/u>:<\/li><\/ul><p>Estos datos los proporcionar\u00e1 dado que algunos de los servicios y\/o contenidos que ofrece el Sitio Web s\u00f3lo podr\u00e1 accederse o utilizarse en calidad de Usuario registrado en la forma en que se indique en el Sitio Web.<\/p><p>A su vez, si env\u00eda consultas mediante el formulario habilitado a tal fin en el Sitio Web, tambi\u00e9n se le solicitar\u00e1n Datos Personales, los cuales ser\u00e1n almacenados por Softland para su tratamiento.<\/p><p>Los Datos Personales proporcionados por usted por medio del formulario, consisten en Nombre y Apellido, Empresa, Tel\u00e9fono, Email y dem\u00e1s datos relacionados con la consulta que realice.<\/p><p>Al registrarse, el Usuario deber\u00e1 brindar informaci\u00f3n completa y precisa. Softland no se responsabiliza por la veracidad o certeza de los Datos Personales provistos por los Usuarios. El Usuario ser\u00e1 el \u00fanico responsable por la informaci\u00f3n proporcionada y por la actividad que se desarrolle en su cuenta, siendo responsable por los da\u00f1os y perjuicios ocasionados por el uso no autorizado de tal informaci\u00f3n.<\/p><p>Lo aqu\u00ed previsto aplicar\u00e1 a todos los Datos Personales que usted proporcione a Softland por medio de nuestros canales oficiales de comunicaci\u00f3n informados en el Sitio Web.<\/p><ul><li><u>Datos recogidos por medio de cookies: <\/u><\/li><\/ul><p>El Sitio Web utiliza un sistema de seguimiento basado en \u00abcookies\u00bb, para que el acceso a la informaci\u00f3n, al pasar de p\u00e1gina en p\u00e1gina, se realice con mayor rapidez. Las \u201ccookies\u201d son peque\u00f1os ficheros de texto que son enviados v\u00eda Internet a su navegador y que quedan almacenados en el disco duro de su computadora. En ning\u00fan caso estos elementos servir\u00e1n para identificar a una persona concreta ya que su uso ser\u00e1 meramente t\u00e9cnico, sin embargo, dada la naturaleza de la informaci\u00f3n, puede permitir la identificaci\u00f3n del titular mediante su asociaci\u00f3n a otros datos. \u00a0Las cookies son \u00fatiles para ofrecer un mejor servicio a los Usuarios y permitir la realizaci\u00f3n de contenidos avanzados.<\/p><p>El Usuario puede limitar o restringir seg\u00fan su voluntad el alojamiento de estas \u00abcookies\u00bb, en cuyo caso Softland no garantiza el correcto funcionamiento de los servicios y contenidos ofrecidos a trav\u00e9s del Sitio Web.<\/p><p>Para obtener m\u00e1s informaci\u00f3n sobre c\u00f3mo Softland utiliza las Cookies y como configurarlas, consulte las\u00a0<a href=\"https:\/\/softland.com\/ar\/politicas-de-cookies\" target=\"_blank\" rel=\"noopener\">Pol\u00edticas de Cookies<\/a>.<\/p><ol start=\"2\"><li><strong> Finalidad<\/strong><strong>. <\/strong><\/li><\/ol><p>Los Datos Personales se procesan con los siguientes objetivos:<\/p><ul><li>Brindar adecuadamente los servicios que Softland ofrece, proporcionar un servicio personalizado y a la altura de las necesidades del Usuario.<\/li><li>Tramitar y gestionar las solicitudes de informaci\u00f3n realizada por Usted.<\/li><li>El Usuario tambi\u00e9n autoriza la utilizaci\u00f3n de los Datos Personales para elaborar estad\u00edsticas y estudios de mercado,<\/li><li>El env\u00edo de boletines, newsletters o correspondencia sobre las novedades institucionales, comerciales y promocionales de Softland.<\/li><\/ul><ol start=\"3\"><li><b>\u00a0Seguridad.<\/b><\/li><\/ol><p>Softland garantiza que realizar\u00e1 el tratamiento de los Datos Personales de acuerdo con las disposiciones de las Leyes Vigentes, adoptando los recaudos t\u00e9cnicos y organizativos necesarios en lo que respecta a la custodia, almacenamiento, conservaci\u00f3n y confidencialidad de los Datos Personales con el fin de evitar su alteraci\u00f3n, p\u00e9rdida, tratamiento o acceso no autorizado.<\/p><ol start=\"4\"><li><strong> Transferencia<\/strong>.<\/li><\/ol><p>Los Datos Personales podr\u00e1n ser compartidos con empresas contratadas por Softland y con otras empresas del grupo Softland, a fin de poder ofrecer nuestros servicios y cumplir con las presentes Pol\u00edticas, respecto de lo cual el Usuario presta su expreso consentimiento y autorizaci\u00f3n.<\/p><p>En caso de que el pa\u00eds al que se transfieran los Datos Personales no cuente con un nivel de protecci\u00f3n de datos personales adecuado, Softland adoptar\u00e1 las medidas necesarias a fin de que se respeten sus derechos de conformidad con lo establecido en las Leyes Vigentes.<\/p><ol start=\"5\"><li><b>\u00a0Derechos.<\/b><\/li><\/ol><p>Los Usuarios tienen derecho a acceder a sus Datos Personales en forma gratuita a intervalos no inferiores a seis (6) meses, salvo que se acredite un inter\u00e9s leg\u00edtimo al efecto, as\u00ed como a solicitar que sus datos sean rectificados, actualizados o removidos de la base de datos en cualquier momento. A tales efectos, el Usuario deber\u00e1 remitir una nota escrita a la direcci\u00f3n de e-mail\u00a0info@softland.com.ar\u00a0, o al domicilio de Softland sito en Av. Del Libertador 6343 piso 11\u00b0. El Usuario ser\u00e1 responsable en cualquier caso de la veracidad, exactitud, vigencia y autenticidad de los Datos Personales facilitados.<\/p><p>A los fines de tramitar su solicitud, Softland podr\u00e1 solicitarle informaci\u00f3n o documentaci\u00f3n adicional a los fines de precisar los t\u00e9rminos de su solicitud o acreditar correctamente su personer\u00eda.<\/p><p>Se les hace saber a los Usuarios que la Agencia de Acceso a la Informaci\u00f3n P\u00fablicas, \u00f3rgano de control de la ley 25.326, tiene la atribuci\u00f3n de atender las denuncias y reclamos que se interpongan con relaci\u00f3n al incumplimiento de las normas sobre protecci\u00f3n de datos personales.<\/p><ol start=\"6\"><li><strong>Plazo de conservaci\u00f3n. <\/strong><\/li><\/ol><p>Sus Datos Personales solo ser\u00e1n tratados durante el tiempo necesario para llevar a cabo las finalidades para las que se recogieron o previamente en caso que ejerza alguno de sus derechos previstos en el apartado 5.<\/p><p>No obstante, luego de finalizado el plazo temporal previsto, sus Datos Personales podr\u00e1n ser conservados para cumplir con distintas obligaciones legales, contables y fiscales a las que se encuentra obligada Softland.<\/p><ol start=\"7\"><li><b>\u00a0Modificaciones.<\/b><\/li><\/ol><p>Softland se reserva el derecho de actualizar, modificar, alterar, agregar o eliminar partes de estas Pol\u00edticas en cualquier momento que lo considere conveniente, en cuyo caso Softland informar\u00e1 en el Sitio Web los cambios efectuados.<\/p><p>Si el Usuario no est\u00e1 de acuerdo con las modificaciones implementadas deber\u00e1 abstenerse de utilizar el Sitio Web y de proporcionar datos a Softland por cualquier otro medio.<\/p><ol start=\"8\"><li><strong>Legislaci\u00f3n y jurisdicci\u00f3n aplicable.<\/strong><\/li><\/ol><p>Estas Condiciones de Uso se regir\u00e1n e interpretar\u00e1n de acuerdo con las leyes de la Rep\u00fablica Argentina. El Usuario y Softland acuerdan que cualquier disputa, conflicto o divergencia que pudiera derivarse de la utilizaci\u00f3n del Sitio Web y de las Condiciones de Uso, su interpretaci\u00f3n, aplicaci\u00f3n y\/o cumplimiento, se someter\u00e1n a la jurisdicci\u00f3n de los tribunales nacionales competentes de acuerdo a la legislaci\u00f3n vigente.<\/p><p>No obstante, para los casos en los que la normativa prevea la posibilidad a las partes de someterse a un fuero, SOFTLAND y el Usuario, con renuncia expresa a cualquier otro fuero que pudiera corresponderles, someter\u00e1n cualesquiera controversias y\/o litigios al conocimiento de los Juzgados y Tribunales ordinarios de la Ciudad Aut\u00f3noma de Buenos Aires.<\/p>\t\t\t\t\t\t\t\t<\/div>\n\t\t\t\t\t<\/div>\n\t\t<\/div>\n\t\t\t\t\t<\/div>\n\t\t<\/section>\n\t\t\t\t<\/div>\n\t\t","protected":false},"excerpt":{"rendered":"<p>Ultima actualizaci\u00f3n: 26 de septiembre de 2024. Pol\u00edticas de Privacidad. La presente Pol\u00edtica de Privacidad (en adelante, \u201cPol\u00edtica\u201d) se aplicar\u00e1 al tratamiento de los datos de todos los usuarios que accedan o interact\u00faen con el sitio de Internet softland.com.ar (en adelante, el \u201cSitio \u201d) y a los que proporcionen a trav\u00e9s de cualquiera de nuestros&hellip;<\/p>\n","protected":false},"author":1,"featured_media":0,"parent":0,"menu_order":0,"comment_status":"closed","ping_status":"closed","template":"","meta":{"footnotes":""},"class_list":["post-919","page","type-page","status-publish","hentry"],"aioseo_notices":[],"_links":{"self":[{"href":"https:\/\/softland.com\/ar\/wp-json\/wp\/v2\/pages\/919","targetHints":{"allow":["GET"]}}],"collection":[{"href":"https:\/\/softland.com\/ar\/wp-json\/wp\/v2\/pages"}],"about":[{"href":"https:\/\/softland.com\/ar\/wp-json\/wp\/v2\/types\/page"}],"author":[{"embeddable":true,"href":"https:\/\/softland.com\/ar\/wp-json\/wp\/v2\/users\/1"}],"replies":[{"embeddable":true,"href":"https:\/\/softland.com\/ar\/wp-json\/wp\/v2\/comments?post=919"}],"version-history":[{"count":0,"href":"https:\/\/softland.com\/ar\/wp-json\/wp\/v2\/pages\/919\/revisions"}],"wp:attachment":[{"href":"https:\/\/softland.com\/ar\/wp-json\/wp\/v2\/media?parent=919"}],"curies":[{"name":"wp","href":"https:\/\/api.w.org\/{rel}","templated":true}]}}