{"id":857,"date":"2019-05-13T16:42:53","date_gmt":"2019-05-13T19:42:53","guid":{"rendered":"https:\/\/softland.com\/ar\/?page_id=857"},"modified":"2026-02-28T23:22:31","modified_gmt":"2026-03-01T02:22:31","slug":"gestion-de-calidad","status":"publish","type":"page","link":"https:\/\/softland.com\/ar\/gestion-de-calidad\/","title":{"rendered":"Gesti\u00f3n de calidad"},"content":{"rendered":"\t\t<div data-elementor-type=\"wp-post\" data-elementor-id=\"857\" class=\"elementor elementor-857\" data-elementor-post-type=\"page\">\n\t\t\t\t\t\t<section class=\"elementor-section elementor-top-section elementor-element elementor-element-21fd5e7 elementor-section-stretched elementor-section-full_width elementor-section-height-full elementor-section-content-top elementor-section-height-default elementor-section-items-middle\" data-id=\"21fd5e7\" data-element_type=\"section\" data-e-type=\"section\" data-settings=\"{&quot;stretch_section&quot;:&quot;section-stretched&quot;,&quot;background_background&quot;:&quot;classic&quot;,&quot;motion_fx_motion_fx_scrolling&quot;:&quot;yes&quot;,&quot;motion_fx_devices&quot;:[&quot;desktop&quot;,&quot;tablet&quot;,&quot;mobile&quot;]}\">\n\t\t\t\t\t\t\t<div class=\"elementor-background-overlay\"><\/div>\n\t\t\t\t\t\t\t<div class=\"elementor-container elementor-column-gap-default\">\n\t\t\t\t\t<div class=\"elementor-column elementor-col-100 elementor-top-column elementor-element elementor-element-7bb03bf\" data-id=\"7bb03bf\" data-element_type=\"column\" data-e-type=\"column\">\n\t\t\t<div class=\"elementor-widget-wrap elementor-element-populated\">\n\t\t\t\t\t\t<div class=\"elementor-element elementor-element-a0676da elementor-hidden-desktop elementor-hidden-tablet elementor-widget elementor-widget-spacer\" data-id=\"a0676da\" data-element_type=\"widget\" data-e-type=\"widget\" data-widget_type=\"spacer.default\">\n\t\t\t\t\t\t\t<div class=\"elementor-spacer\">\n\t\t\t<div class=\"elementor-spacer-inner\"><\/div>\n\t\t<\/div>\n\t\t\t\t\t\t<\/div>\n\t\t\t\t<div class=\"elementor-element elementor-element-f81ab46 elementor-widget elementor-widget-heading\" data-id=\"f81ab46\" data-element_type=\"widget\" data-e-type=\"widget\" data-widget_type=\"heading.default\">\n\t\t\t\t\t<h1 class=\"elementor-heading-title elementor-size-default\">Gesti\u00f3n de calidad<\/h1>\t\t\t\t<\/div>\n\t\t\t\t<div class=\"elementor-element elementor-element-580d645 elementor-widget elementor-widget-text-editor\" data-id=\"580d645\" data-element_type=\"widget\" data-e-type=\"widget\" data-widget_type=\"text-editor.default\">\n\t\t\t\t\t\t\t\t\t<p><span class=\"dropcap\">E<\/span>n Softland, para asegurar a cada uno de nuestros clientes la excelencia y calidad de nuestros productos y servicios, contamos con un sistema de gesti\u00f3n de calidad. Por medio de este se implementa, mantiene y asegura la mejora continua de manera ordenada.<\/p>\t\t\t\t\t\t\t\t<\/div>\n\t\t\t\t<section class=\"elementor-section elementor-inner-section elementor-element elementor-element-9e44d42 elementor-section-boxed elementor-section-height-default elementor-section-height-default\" data-id=\"9e44d42\" data-element_type=\"section\" data-e-type=\"section\">\n\t\t\t\t\t\t<div class=\"elementor-container elementor-column-gap-default\">\n\t\t\t\t\t<div class=\"elementor-column elementor-col-100 elementor-inner-column elementor-element elementor-element-8d6a10c\" data-id=\"8d6a10c\" data-element_type=\"column\" data-e-type=\"column\">\n\t\t\t<div class=\"elementor-widget-wrap elementor-element-populated\">\n\t\t\t\t\t\t<div class=\"elementor-element elementor-element-ff14e05 elementor-view-framed elementor-shape-circle elementor-widget elementor-widget-icon\" data-id=\"ff14e05\" data-element_type=\"widget\" data-e-type=\"widget\" data-widget_type=\"icon.default\">\n\t\t\t\t\t\t\t<div class=\"elementor-icon-wrapper\">\n\t\t\t<a class=\"elementor-icon\" href=\"#mas\">\n\t\t\t<i aria-hidden=\"true\" class=\"fas fa-arrow-down\"><\/i>\t\t\t<\/a>\n\t\t<\/div>\n\t\t\t\t\t\t<\/div>\n\t\t\t\t\t<\/div>\n\t\t<\/div>\n\t\t\t\t\t<\/div>\n\t\t<\/section>\n\t\t\t\t\t<\/div>\n\t\t<\/div>\n\t\t\t\t\t<\/div>\n\t\t<\/section>\n\t\t\t\t<section class=\"elementor-section elementor-top-section elementor-element elementor-element-a2dcef3 elementor-section-boxed elementor-section-height-default elementor-section-height-default\" data-id=\"a2dcef3\" data-element_type=\"section\" data-e-type=\"section\" id=\"mas\">\n\t\t\t\t\t\t<div class=\"elementor-container elementor-column-gap-default\">\n\t\t\t\t\t<div class=\"elementor-column elementor-col-100 elementor-top-column elementor-element elementor-element-0afc651\" data-id=\"0afc651\" data-element_type=\"column\" data-e-type=\"column\">\n\t\t\t<div class=\"elementor-widget-wrap elementor-element-populated\">\n\t\t\t\t\t\t<div class=\"elementor-element elementor-element-58bea3c elementor-widget elementor-widget-spacer\" data-id=\"58bea3c\" data-element_type=\"widget\" data-e-type=\"widget\" data-widget_type=\"spacer.default\">\n\t\t\t\t\t\t\t<div class=\"elementor-spacer\">\n\t\t\t<div class=\"elementor-spacer-inner\"><\/div>\n\t\t<\/div>\n\t\t\t\t\t\t<\/div>\n\t\t\t\t\t<\/div>\n\t\t<\/div>\n\t\t\t\t\t<\/div>\n\t\t<\/section>\n\t\t\t\t<section class=\"elementor-section elementor-top-section elementor-element elementor-element-311a8f1 elementor-section-boxed elementor-section-height-default elementor-section-height-default\" data-id=\"311a8f1\" data-element_type=\"section\" data-e-type=\"section\">\n\t\t\t\t\t\t<div class=\"elementor-container elementor-column-gap-default\">\n\t\t\t\t\t<div class=\"elementor-column elementor-col-100 elementor-top-column elementor-element elementor-element-3fbfde9\" data-id=\"3fbfde9\" data-element_type=\"column\" data-e-type=\"column\">\n\t\t\t<div class=\"elementor-widget-wrap elementor-element-populated\">\n\t\t\t\t\t\t<div class=\"elementor-element elementor-element-a45a3c2 elementor-widget elementor-widget-heading\" data-id=\"a45a3c2\" data-element_type=\"widget\" data-e-type=\"widget\" data-widget_type=\"heading.default\">\n\t\t\t\t\t<h2 class=\"elementor-heading-title elementor-size-default\">COMPROMISO SOFTLAND<\/h2>\t\t\t\t<\/div>\n\t\t\t\t\t<\/div>\n\t\t<\/div>\n\t\t\t\t\t<\/div>\n\t\t<\/section>\n\t\t\t\t<section class=\"elementor-section elementor-top-section elementor-element elementor-element-3a89eab elementor-section-boxed elementor-section-height-default elementor-section-height-default\" data-id=\"3a89eab\" data-element_type=\"section\" data-e-type=\"section\">\n\t\t\t\t\t\t<div class=\"elementor-container elementor-column-gap-default\">\n\t\t\t\t\t<div class=\"elementor-column elementor-col-100 elementor-top-column elementor-element elementor-element-901f719\" data-id=\"901f719\" data-element_type=\"column\" data-e-type=\"column\">\n\t\t\t<div class=\"elementor-widget-wrap elementor-element-populated\">\n\t\t\t\t\t\t<div class=\"elementor-element elementor-element-942baee elementor-widget elementor-widget-text-editor\" data-id=\"942baee\" data-element_type=\"widget\" data-e-type=\"widget\" data-widget_type=\"text-editor.default\">\n\t\t\t\t\t\t\t\t\t<p>En Softland, para asegurar a cada uno de nuestros clientes la excelencia y calidad de nuestros productos y servicios, se cuenta con un Sistema de Gesti\u00f3n de Calidad. Por medio de \u00e9ste se implementa, mantiene y asegura la mejora continua de manera sistem\u00e1tica.<\/p><p>Las distintas \u00e1reas de servicio y producto se encuentran certificadas bajo los requisitos de la norma internacional ISO 9001:2015. Esta herramienta, as\u00ed como la experiencia de nuestros profesionales, nos dan el fundamento para atender y satisfacer las necesidades de nuestros clientes, manifestando as\u00ed el compromiso y responsabilidad que Softland ofrece en sus productos y servicios.<\/p><p>Nuestra Pol\u00edtica de Calidad se fundamenta en el grado esperado de satisfacci\u00f3n de los clientes, la Misi\u00f3n y Visi\u00f3n de Grupo Softland, las acciones estrat\u00e9gicas y el desarrollo humano. Mantenemos el firme compromiso de hacer las cosas bien desde la primera vez y dentro de un proceso de mejora continua.<\/p><p>Proveemos calidad en nuestros productos y servicios de software de gesti\u00f3n empresarial, excediendo consistentemente las expectativas de nuestros clientes, ayud\u00e1ndolos a ser m\u00e1s eficientes, competitivos y rentables. En Softland actuamos dentro de un marco de integridad, trabajo en equipo y compromiso con el Sistema de Gesti\u00f3n de Calidad.<\/p>\t\t\t\t\t\t\t\t<\/div>\n\t\t\t\t\t<\/div>\n\t\t<\/div>\n\t\t\t\t\t<\/div>\n\t\t<\/section>\n\t\t\t\t<section class=\"elementor-section elementor-top-section elementor-element elementor-element-6fffa67 elementor-section-boxed elementor-section-height-default elementor-section-height-default\" data-id=\"6fffa67\" data-element_type=\"section\" data-e-type=\"section\">\n\t\t\t\t\t\t<div class=\"elementor-container elementor-column-gap-default\">\n\t\t\t\t\t<div class=\"elementor-column elementor-col-100 elementor-top-column elementor-element elementor-element-531c301\" data-id=\"531c301\" data-element_type=\"column\" data-e-type=\"column\">\n\t\t\t<div class=\"elementor-widget-wrap elementor-element-populated\">\n\t\t\t\t\t\t<div class=\"elementor-element elementor-element-ac8c54d elementor-widget elementor-widget-spacer\" data-id=\"ac8c54d\" data-element_type=\"widget\" data-e-type=\"widget\" data-widget_type=\"spacer.default\">\n\t\t\t\t\t\t\t<div class=\"elementor-spacer\">\n\t\t\t<div class=\"elementor-spacer-inner\"><\/div>\n\t\t<\/div>\n\t\t\t\t\t\t<\/div>\n\t\t\t\t<div class=\"elementor-element elementor-element-b8601d4 elementor-widget elementor-widget-heading\" data-id=\"b8601d4\" data-element_type=\"widget\" data-e-type=\"widget\" data-widget_type=\"heading.default\">\n\t\t\t\t\t<h2 class=\"elementor-heading-title elementor-size-default\">POL\u00cdTICA DE CALIDAD<\/h2>\t\t\t\t<\/div>\n\t\t\t\t<div class=\"elementor-element elementor-element-599d421 elementor-widget elementor-widget-text-editor\" data-id=\"599d421\" data-element_type=\"widget\" data-e-type=\"widget\" data-widget_type=\"text-editor.default\">\n\t\t\t\t\t\t\t\t\t<p>Softland es una compa\u00f1\u00eda global de desarrollo de soluciones de negocio que se adapta localmente a las necesidades del mercado, brindando servicios a organizaciones de diversas industrias con un producto vers\u00e1til de excelencia.<\/p><p>Nos enfocamos en el compromiso con la calidad, cumpliendo con los requisitos legales, normativos y contractuales, trabajando por la mejora continua y desarrollando productos y servicios que generen valor para nuestros clientes. Nos basamos en las siguientes premisas:<\/p><ul><li>La satisfacci\u00f3n de nuestros clientes. Analizamos detalladamente sus necesidades y expectativas, y entregamos productos y servicios acordes a ellas.<\/li><li>La promoci\u00f3n del talento humano. La gesti\u00f3n de los Recursos Humanos se orienta a su formaci\u00f3n y a la aplicaci\u00f3n de pol\u00edticas de retenci\u00f3n para aquellos profesionales comprometidos con nuestra cultura organizacional.<\/li><\/ul><p><strong>Vigencia:<\/strong>\u00a010 de enero de 2019.<\/p>\t\t\t\t\t\t\t\t<\/div>\n\t\t\t\t<div class=\"elementor-element elementor-element-a1f2084 elementor-widget elementor-widget-spacer\" data-id=\"a1f2084\" data-element_type=\"widget\" data-e-type=\"widget\" data-widget_type=\"spacer.default\">\n\t\t\t\t\t\t\t<div class=\"elementor-spacer\">\n\t\t\t<div class=\"elementor-spacer-inner\"><\/div>\n\t\t<\/div>\n\t\t\t\t\t\t<\/div>\n\t\t\t\t<div class=\"elementor-element elementor-element-b38e7b9 elementor-widget elementor-widget-heading\" data-id=\"b38e7b9\" data-element_type=\"widget\" data-e-type=\"widget\" data-widget_type=\"heading.default\">\n\t\t\t\t\t<h2 class=\"elementor-heading-title elementor-size-default\">CERTIFICACIONES<\/h2>\t\t\t\t<\/div>\n\t\t\t\t\t<\/div>\n\t\t<\/div>\n\t\t\t\t\t<\/div>\n\t\t<\/section>\n\t\t\t\t<section class=\"elementor-section elementor-top-section elementor-element elementor-element-863e42f elementor-section-boxed elementor-section-height-default elementor-section-height-default\" data-id=\"863e42f\" data-element_type=\"section\" data-e-type=\"section\">\n\t\t\t\t\t\t<div class=\"elementor-container elementor-column-gap-default\">\n\t\t\t\t\t<div class=\"elementor-column elementor-col-100 elementor-top-column elementor-element elementor-element-8711b54\" data-id=\"8711b54\" data-element_type=\"column\" data-e-type=\"column\">\n\t\t\t<div class=\"elementor-widget-wrap elementor-element-populated\">\n\t\t\t\t\t\t<div class=\"elementor-element elementor-element-18e72e3 elementor-widget elementor-widget-spacer\" data-id=\"18e72e3\" data-element_type=\"widget\" data-e-type=\"widget\" data-widget_type=\"spacer.default\">\n\t\t\t\t\t\t\t<div class=\"elementor-spacer\">\n\t\t\t<div class=\"elementor-spacer-inner\"><\/div>\n\t\t<\/div>\n\t\t\t\t\t\t<\/div>\n\t\t\t\t\t<\/div>\n\t\t<\/div>\n\t\t\t\t\t<\/div>\n\t\t<\/section>\n\t\t\t\t<section class=\"elementor-section elementor-top-section elementor-element elementor-element-ceefb01 elementor-section-boxed elementor-section-height-default elementor-section-height-default\" data-id=\"ceefb01\" data-element_type=\"section\" data-e-type=\"section\">\n\t\t\t\t\t\t<div class=\"elementor-container elementor-column-gap-default\">\n\t\t\t\t\t<div class=\"elementor-column elementor-col-50 elementor-top-column elementor-element elementor-element-dc8b206\" data-id=\"dc8b206\" data-element_type=\"column\" data-e-type=\"column\">\n\t\t\t<div class=\"elementor-widget-wrap elementor-element-populated\">\n\t\t\t\t\t\t<div class=\"elementor-element elementor-element-fe10abd elementor-widget elementor-widget-text-editor\" data-id=\"fe10abd\" data-element_type=\"widget\" data-e-type=\"widget\" data-widget_type=\"text-editor.default\">\n\t\t\t\t\t\t\t\t\t<h3>CERTIFICACI\u00d3N ISO 9001:2015<\/h3>\t\t\t\t\t\t\t\t<\/div>\n\t\t\t\t\t<\/div>\n\t\t<\/div>\n\t\t\t\t<div class=\"elementor-column elementor-col-50 elementor-top-column elementor-element elementor-element-e9d3919\" data-id=\"e9d3919\" data-element_type=\"column\" data-e-type=\"column\">\n\t\t\t<div class=\"elementor-widget-wrap elementor-element-populated\">\n\t\t\t\t\t\t<div class=\"elementor-element elementor-element-3a4822b elementor-widget elementor-widget-image\" data-id=\"3a4822b\" data-element_type=\"widget\" data-e-type=\"widget\" data-widget_type=\"image.default\">\n\t\t\t\t\t\t\t\t\t\t\t\t\t\t\t<img decoding=\"async\" src=\"https:\/\/softland.com\/ar\/wp-content\/uploads\/elementor\/thumbs\/Certificado-ISO-9001_1-r25ej4upgotdmwl8y83syiplmdfrgiaktjldk2j5jk.png\" title=\"Certificado ISO 9001 Softland\" alt=\"Certificado ISO 9001 Softland\" loading=\"lazy\" \/>\t\t\t\t\t\t\t\t\t\t\t\t\t\t\t<\/div>\n\t\t\t\t\t<\/div>\n\t\t<\/div>\n\t\t\t\t\t<\/div>\n\t\t<\/section>\n\t\t\t\t<section class=\"elementor-section elementor-top-section elementor-element elementor-element-381d318 elementor-section-boxed elementor-section-height-default elementor-section-height-default\" data-id=\"381d318\" data-element_type=\"section\" data-e-type=\"section\">\n\t\t\t\t\t\t<div class=\"elementor-container elementor-column-gap-default\">\n\t\t\t\t\t<div class=\"elementor-column elementor-col-100 elementor-top-column elementor-element elementor-element-6d6bce8\" data-id=\"6d6bce8\" data-element_type=\"column\" data-e-type=\"column\">\n\t\t\t<div class=\"elementor-widget-wrap elementor-element-populated\">\n\t\t\t\t\t\t<div class=\"elementor-element elementor-element-de8244a elementor-widget elementor-widget-text-editor\" data-id=\"de8244a\" data-element_type=\"widget\" data-e-type=\"widget\" data-widget_type=\"text-editor.default\">\n\t\t\t\t\t\t\t\t\t<p>El SGC (Sistema de Gesti\u00f3n de Calidad) implementado por Softland Argentina S.A. abarca actividades de Gesti\u00f3n Comercial, Soporte T\u00e9cnico, Oportunidades Comerciales, Capacitaciones a Clientes, etc.- las cuales acompa\u00f1an a la actividad principal certificada: Dise\u00f1o, desarrollo, mantenimiento, consultor\u00eda, soporte y comercializaci\u00f3n de software para empresas, para sus productos Softland Logic y Softland ERP. Certificaci\u00f3n otorgada por Bureau Veritas Certification.<\/p><p><a style=\"background-color: #ffffff; letter-spacing: 0px;\" href=\"https:\/\/softland.com\/ar\/wp-content\/uploads\/2026\/02\/SOFTLAND-ARGENTINA-SAOAA-9001-2015.pdf\" target=\"_blank\" rel=\"noopener\">Certificado Vigente<\/a><\/p>\t\t\t\t\t\t\t\t<\/div>\n\t\t\t\t\t<\/div>\n\t\t<\/div>\n\t\t\t\t\t<\/div>\n\t\t<\/section>\n\t\t\t\t<section class=\"elementor-section elementor-top-section elementor-element elementor-element-f4883aa elementor-section-boxed elementor-section-height-default elementor-section-height-default\" data-id=\"f4883aa\" data-element_type=\"section\" data-e-type=\"section\">\n\t\t\t\t\t\t<div class=\"elementor-container elementor-column-gap-default\">\n\t\t\t\t\t<div class=\"elementor-column elementor-col-50 elementor-top-column elementor-element elementor-element-8b37ca8\" data-id=\"8b37ca8\" data-element_type=\"column\" data-e-type=\"column\">\n\t\t\t<div class=\"elementor-widget-wrap elementor-element-populated\">\n\t\t\t\t\t\t<div class=\"elementor-element elementor-element-e742daa elementor-widget elementor-widget-text-editor\" data-id=\"e742daa\" data-element_type=\"widget\" data-e-type=\"widget\" data-widget_type=\"text-editor.default\">\n\t\t\t\t\t\t\t\t\t<h3>CERTIFICACIONES<\/h3><h3>Trayectoria de Softland y su certificaci\u00f3n ISO<\/h3><p>Ver <a href=\"https:\/\/softland.com\/ar\/wp-content\/uploads\/2026\/02\/HistoriaCertificacion-ISO.pdf\" target=\"_blank\" rel=\"noopener\">hist\u00f3rico de Certificaciones ISO de Softland<\/a><\/p>\t\t\t\t\t\t\t\t<\/div>\n\t\t\t\t\t<\/div>\n\t\t<\/div>\n\t\t\t\t<div class=\"elementor-column elementor-col-50 elementor-top-column elementor-element elementor-element-39d85c8\" data-id=\"39d85c8\" data-element_type=\"column\" data-e-type=\"column\">\n\t\t\t<div class=\"elementor-widget-wrap elementor-element-populated\">\n\t\t\t\t\t\t<div class=\"elementor-element elementor-element-4477242 elementor-widget elementor-widget-spacer\" data-id=\"4477242\" data-element_type=\"widget\" data-e-type=\"widget\" data-widget_type=\"spacer.default\">\n\t\t\t\t\t\t\t<div class=\"elementor-spacer\">\n\t\t\t<div class=\"elementor-spacer-inner\"><\/div>\n\t\t<\/div>\n\t\t\t\t\t\t<\/div>\n\t\t\t\t<div class=\"elementor-element elementor-element-f991604 elementor-widget elementor-widget-image\" data-id=\"f991604\" data-element_type=\"widget\" data-e-type=\"widget\" data-widget_type=\"image.default\">\n\t\t\t\t\t\t\t\t\t\t\t\t\t\t\t<img decoding=\"async\" width=\"162\" height=\"79\" src=\"https:\/\/softland.com\/ar\/wp-content\/uploads\/2019\/12\/microsoft_gold_logo_001.gif\" class=\"attachment-large size-large wp-image-3079\" alt=\"\" \/>\t\t\t\t\t\t\t\t\t\t\t\t\t\t\t<\/div>\n\t\t\t\t\t<\/div>\n\t\t<\/div>\n\t\t\t\t\t<\/div>\n\t\t<\/section>\n\t\t\t\t<section class=\"elementor-section elementor-top-section elementor-element elementor-element-5a0c31d elementor-section-boxed elementor-section-height-default elementor-section-height-default\" data-id=\"5a0c31d\" data-element_type=\"section\" data-e-type=\"section\">\n\t\t\t\t\t\t<div class=\"elementor-container elementor-column-gap-default\">\n\t\t\t\t\t<div class=\"elementor-column elementor-col-100 elementor-top-column elementor-element elementor-element-d6e119a\" data-id=\"d6e119a\" data-element_type=\"column\" data-e-type=\"column\">\n\t\t\t<div class=\"elementor-widget-wrap elementor-element-populated\">\n\t\t\t\t\t\t<div class=\"elementor-element elementor-element-aa0a224 elementor-widget elementor-widget-text-editor\" data-id=\"aa0a224\" data-element_type=\"widget\" data-e-type=\"widget\" data-widget_type=\"text-editor.default\">\n\t\t\t\t\t\t\t\t\t<h3><span style=\"font-weight: 400; font-size: 17px; letter-spacing: 0px;\">Softland forma parte de la red mundial exclusiva de aliados Gold Certified Partners de Microsoft Corporation\u00a9, la cual representa el nivel m\u00e1s alto de competencia y experiencia con tecnolog\u00edas de Microsoft. Esta categor\u00eda le permite aprovechar las oportunidades de mercado creadas por las tecnolog\u00edas de Microsoft, con el respaldo de una de las m\u00e1s grandes inversiones de la industria en investigaci\u00f3n y desarrollo.<\/span><\/h3><p>El reconocimiento Gold Certified Partners indica que nuestra compa\u00f1\u00eda tiene un elevado nivel de experiencia en el sector a la hora de suministrar servicios, software o soporte t\u00e9cnico para tecnolog\u00edas basadas en Microsoft, lo que nos permite brindarle a nuestros clientes confianza, experiencia y el refrendo obtenido por parte de Microsoft.<\/p>\t\t\t\t\t\t\t\t<\/div>\n\t\t\t\t<div class=\"elementor-element elementor-element-cf15bce elementor-widget elementor-widget-spacer\" data-id=\"cf15bce\" data-element_type=\"widget\" data-e-type=\"widget\" data-widget_type=\"spacer.default\">\n\t\t\t\t\t\t\t<div class=\"elementor-spacer\">\n\t\t\t<div class=\"elementor-spacer-inner\"><\/div>\n\t\t<\/div>\n\t\t\t\t\t\t<\/div>\n\t\t\t\t\t<\/div>\n\t\t<\/div>\n\t\t\t\t\t<\/div>\n\t\t<\/section>\n\t\t\t\t<\/div>\n\t\t","protected":false},"excerpt":{"rendered":"<p>Gesti\u00f3n de calidad En Softland, para asegurar a cada uno de nuestros clientes la excelencia y calidad de nuestros productos y servicios, contamos con un sistema de gesti\u00f3n de calidad. Por medio de este se implementa, mantiene y asegura la mejora continua de manera ordenada. COMPROMISO SOFTLAND En Softland, para asegurar a cada uno de&hellip;<\/p>\n","protected":false},"author":1,"featured_media":0,"parent":0,"menu_order":0,"comment_status":"closed","ping_status":"closed","template":"","meta":{"footnotes":""},"class_list":["post-857","page","type-page","status-publish","hentry"],"aioseo_notices":[],"_links":{"self":[{"href":"https:\/\/softland.com\/ar\/wp-json\/wp\/v2\/pages\/857","targetHints":{"allow":["GET"]}}],"collection":[{"href":"https:\/\/softland.com\/ar\/wp-json\/wp\/v2\/pages"}],"about":[{"href":"https:\/\/softland.com\/ar\/wp-json\/wp\/v2\/types\/page"}],"author":[{"embeddable":true,"href":"https:\/\/softland.com\/ar\/wp-json\/wp\/v2\/users\/1"}],"replies":[{"embeddable":true,"href":"https:\/\/softland.com\/ar\/wp-json\/wp\/v2\/comments?post=857"}],"version-history":[{"count":0,"href":"https:\/\/softland.com\/ar\/wp-json\/wp\/v2\/pages\/857\/revisions"}],"wp:attachment":[{"href":"https:\/\/softland.com\/ar\/wp-json\/wp\/v2\/media?parent=857"}],"curies":[{"name":"wp","href":"https:\/\/api.w.org\/{rel}","templated":true}]}}