{"id":4660,"date":"2020-06-22T22:38:23","date_gmt":"2020-06-23T01:38:23","guid":{"rendered":"https:\/\/softland.com\/ar\/?page_id=4660"},"modified":"2026-01-06T15:22:51","modified_gmt":"2026-01-06T18:22:51","slug":"taller-online-gratuitos","status":"publish","type":"page","link":"https:\/\/softland.com\/ar\/taller-online-gratuitos\/","title":{"rendered":"Talleres online gratuitos"},"content":{"rendered":"\t\t<div data-elementor-type=\"wp-page\" data-elementor-id=\"4660\" class=\"elementor elementor-4660\" data-elementor-post-type=\"page\">\n\t\t\t\t\t\t<section class=\"elementor-section elementor-top-section elementor-element elementor-element-2b27e2a elementor-section-boxed elementor-section-height-default elementor-section-height-default\" data-id=\"2b27e2a\" data-element_type=\"section\" data-e-type=\"section\">\n\t\t\t\t\t\t<div class=\"elementor-container elementor-column-gap-default\">\n\t\t\t\t\t<div class=\"elementor-column elementor-col-100 elementor-top-column elementor-element elementor-element-0ba6671\" data-id=\"0ba6671\" data-element_type=\"column\" data-e-type=\"column\">\n\t\t\t<div class=\"elementor-widget-wrap elementor-element-populated\">\n\t\t\t\t\t\t<div class=\"elementor-element elementor-element-d8b84df elementor-widget elementor-widget-spacer\" data-id=\"d8b84df\" data-element_type=\"widget\" data-e-type=\"widget\" data-widget_type=\"spacer.default\">\n\t\t\t\t\t\t\t<div class=\"elementor-spacer\">\n\t\t\t<div class=\"elementor-spacer-inner\"><\/div>\n\t\t<\/div>\n\t\t\t\t\t\t<\/div>\n\t\t\t\t<div class=\"elementor-element elementor-element-d5d7ce0 elementor-widget elementor-widget-heading\" data-id=\"d5d7ce0\" data-element_type=\"widget\" data-e-type=\"widget\" data-widget_type=\"heading.default\">\n\t\t\t\t\t<h1 class=\"elementor-heading-title elementor-size-default\">Talleres Online  Gratuitos<\/h1>\t\t\t\t<\/div>\n\t\t\t\t<div class=\"elementor-element elementor-element-143bb63 elementor-widget elementor-widget-text-editor\" data-id=\"143bb63\" data-element_type=\"widget\" data-e-type=\"widget\" data-widget_type=\"text-editor.default\">\n\t\t\t\t\t\t\t\t\t<p>Conoc\u00e9 nuestros talleres gratuitos<\/p>\t\t\t\t\t\t\t\t<\/div>\n\t\t\t\t\t<\/div>\n\t\t<\/div>\n\t\t\t\t\t<\/div>\n\t\t<\/section>\n\t\t\t\t<section class=\"elementor-section elementor-top-section elementor-element elementor-element-9d279b8 elementor-section-stretched elementor-section-boxed elementor-section-height-default elementor-section-height-default\" data-id=\"9d279b8\" data-element_type=\"section\" data-e-type=\"section\" data-settings=\"{&quot;stretch_section&quot;:&quot;section-stretched&quot;}\">\n\t\t\t\t\t\t<div class=\"elementor-container elementor-column-gap-default\">\n\t\t\t\t\t<div class=\"elementor-column elementor-col-100 elementor-top-column elementor-element elementor-element-17ba210\" data-id=\"17ba210\" data-element_type=\"column\" data-e-type=\"column\">\n\t\t\t<div class=\"elementor-widget-wrap elementor-element-populated\">\n\t\t\t\t\t\t<div class=\"elementor-element elementor-element-0e5f530 elementor-widget elementor-widget-calendario-cursos-2021\" data-id=\"0e5f530\" data-element_type=\"widget\" data-e-type=\"widget\" data-widget_type=\"calendario-cursos-2021.default\">\n\t\t\t\t<div class=\"elementor-widget-container\">\n\t\t\t\t\t    <!-- <h2 ><\/h2> -->\n    <!-- <div ><\/div> -->\n    <!-- <div ><\/div> -->\n    <!-- <div ><\/div> -->\n\n\n\n    <!--<ul class=\"ref-cursos-2021\">\n\t\t\t<li>Referencias:<\/li>\n      <li><span class=\"referencia-cursos\" style=\"background: #FF9700;\">P<\/span> Pr\u00f3ximamente<\/li>\n      <li><span class=\"referencia-cursos\" style=\"background: #959595;\"><i class=\"fa fa-check\" aria-hidden=\"true\"><\/i><\/span> Dictado<\/li>\n\t\t<\/ul>-->\n\t\t\t\t    <!-- the loop -->\n\t\t    \n\n\t\t\t\t\n\n\t\t\t\t<!-- Course Grid -->\n                        <div class=\"grid-row\"><div class=\"grid-item \">\n\n                                      <div class=\"card-container\"><a class=\"item-link\" href=\"https:\/\/softland.com\/ar\/cursos\/taller-online-gratuito-crm\/?id=taller-online-gratuito-crm&post_id=21251\">\n                                        <img decoding=\"async\" src=\"https:\/\/softland.com\/ar\/wp-content\/uploads\/2021\/01\/web-conciliacion-bancaria-.jpg\" alt=\"taller-online-gratuito-crm-IMAGEN\" class=\"image\">\n                                      <\/a>\n                                      <div class=\"overlay\">\n\n                                        <div class=\"text\">\n                                            <p>Alcance y objetivo del m\u00f3dulo. Tipos de gesti\u00f3n. Definici\u00f3n de&hellip;<\/p>\n                                            <p><\/p>\n                                        <\/div>\n\n                                      <\/div>\n                                    <\/div>\n                                    <div class=\"content\"><a class=\"item-link\" href=\"https:\/\/softland.com\/ar\/cursos\/taller-online-gratuito-crm\/?id=taller-online-gratuito-crm&post_id=21251\">\n                                            <h2>Taller online gratuito CRM<\/h2>\n                                          <\/a>\n\n                                          \n                                          <p><strong style=\"display:none;\">Dictado: <\/strong><i class=\"fa fa-check-circle\"><\/i> <del> 26 de Febrero<\/del><\/p>\n                                          <p><i class=\"fa fa-clock\"><\/i> 10.30 a 11.30 hs<\/p>\n                                          <p ><i class=\"fa fa-map-marker-alt\" ><\/i> Microsoft Teams. Se enviar\u00e1 link de conexi\u00f3n el d\u00eda previo<\/p>\n\n                                          <p><\/p>\n\n\n                                    <\/div><!-- \/.end content -->\n\n                                  <\/div><!-- \/.end grid-item --><div class=\"grid-item \">\n\n                                      <div class=\"card-container\"><div class=\"rib\">Nuevo<\/div><a class=\"item-link\" href=\"https:\/\/softland.com\/ar\/cursos\/taller-online-gratuito-gestion-de-cobranzas\/?id=taller-online-gratuito-gestion-de-cobranzas&post_id=21249\">\n                                        <img decoding=\"async\" src=\"https:\/\/softland.com\/ar\/wp-content\/uploads\/2021\/01\/diccionario-datos.jpg\" alt=\"taller-online-gratuito-gestion-de-cobranzas-IMAGEN\" class=\"image\">\n                                      <\/a>\n                                      <div class=\"overlay\">\n\n                                        <div class=\"text\">\n                                            <p>Alcance y objetivo del m\u00f3dulo. Parametrizaci\u00f3n y control inicial. Proceso&hellip;<\/p>\n                                            <p><a class=\"btn\" href=\"https:\/\/softland.com\/ar\/cursos\/taller-online-gratuito-gestion-de-cobranzas\/?id=taller-online-gratuito-gestion-de-cobranzas&post_id=21249\">Ver Detalles<\/a><\/p>\n                                        <\/div>\n\n                                      <\/div>\n                                    <\/div>\n                                    <div class=\"content\"><a class=\"item-link\" href=\"https:\/\/softland.com\/ar\/cursos\/taller-online-gratuito-gestion-de-cobranzas\/?id=taller-online-gratuito-gestion-de-cobranzas&post_id=21249\">\n                                            <h2>Taller online gratuito Gesti\u00f3n de Cobranzas<\/h2>\n                                          <\/a>\n\n                                          \n                                          <p><strong style=\"display:none;\">Dictado: <\/strong><i class=\"fa fa-check-circle\"><\/i> <del> 26 de Marzo<\/del><\/p>\n                                          <p><i class=\"fa fa-clock\"><\/i> 10.30 a 11.30 hs<\/p>\n                                          <p ><i class=\"fa fa-map-marker-alt\" ><\/i> Microsoft Teams. Se enviar\u00e1 link de conexi\u00f3n el d\u00eda previo<\/p>\n\n                                          <p><\/p>\n\n\n                                    <\/div><!-- \/.end content -->\n\n                                  <\/div><!-- \/.end grid-item --><!-- END GRID -->\n                        <\/div><script type=\"application\/ld+json\">\n                {\n\t\t\t\t\t\t\t\t  \"@context\": \"https:\/\/schema.org\",\n\t\t\t\t\t\t\t\t  \"@type\": \"Course\",\n\t\t\t\t\t\t\t\t  \"name\": \"Taller online gratuito CRM\",\n\t\t\t\t\t\t\t\t  \"description\": \"Alcance y objetivo del m\u00f3dulo. Tipos de gesti\u00f3n. Definici\u00f3n de actividades y estados. Asignaci\u00f3n de responsables de ventas. Gesti\u00f3n de oportunidades comerciales. Demo en sistema.\",\n\t\t\t\t\t\t\t\t  \"provider\": {\n\t\t\t\t\t\t\t\t    \"@type\": \"Organization\",\n\t\t\t\t\t\t\t\t    \"name\": \"Softland Argentina\",\n\t\t\t\t\t\t\t\t    \"sameAs\": \"https:\/\/softland.com\/ar\/cursos\/taller-online-gratuito-crm\/?id=taller-online-gratuito-crm&post_id=21251\"\n\t\t\t\t\t\t\t\t  }\n\t\t\t\t\t\t\t\t}\n                <\/script><script type=\"application\/ld+json\">\n                {\n\t\t\t\t\t\t\t\t  \"@context\": \"https:\/\/schema.org\",\n\t\t\t\t\t\t\t\t  \"@type\": \"Course\",\n\t\t\t\t\t\t\t\t  \"name\": \"Taller online gratuito Gesti\u00f3n de Cobranzas\",\n\t\t\t\t\t\t\t\t  \"description\": \"Alcance y objetivo del m\u00f3dulo. Parametrizaci\u00f3n y control inicial. Proceso de cobranza integral. Herramientas de an\u00e1lisis y reportes. Beneficios del m\u00f3dulo. Demo en sistema.\",\n\t\t\t\t\t\t\t\t  \"provider\": {\n\t\t\t\t\t\t\t\t    \"@type\": \"Organization\",\n\t\t\t\t\t\t\t\t    \"name\": \"Softland Argentina\",\n\t\t\t\t\t\t\t\t    \"sameAs\": \"https:\/\/softland.com\/ar\/cursos\/taller-online-gratuito-gestion-de-cobranzas\/?id=taller-online-gratuito-gestion-de-cobranzas&post_id=21249\"\n\t\t\t\t\t\t\t\t  }\n\t\t\t\t\t\t\t\t}\n                <\/script>\t\t\t\t<\/div>\n\t\t\t\t<\/div>\n\t\t\t\t<div class=\"elementor-element elementor-element-b5afa3a elementor-widget elementor-widget-spacer\" data-id=\"b5afa3a\" data-element_type=\"widget\" data-e-type=\"widget\" data-widget_type=\"spacer.default\">\n\t\t\t\t\t\t\t<div class=\"elementor-spacer\">\n\t\t\t<div class=\"elementor-spacer-inner\"><\/div>\n\t\t<\/div>\n\t\t\t\t\t\t<\/div>\n\t\t\t\t<div class=\"elementor-element elementor-element-29a0511 elementor-widget elementor-widget-spacer\" data-id=\"29a0511\" data-element_type=\"widget\" data-e-type=\"widget\" data-widget_type=\"spacer.default\">\n\t\t\t\t\t\t\t<div class=\"elementor-spacer\">\n\t\t\t<div class=\"elementor-spacer-inner\"><\/div>\n\t\t<\/div>\n\t\t\t\t\t\t<\/div>\n\t\t\t\t\t<\/div>\n\t\t<\/div>\n\t\t\t\t\t<\/div>\n\t\t<\/section>\n\t\t\t\t<\/div>\n\t\t","protected":false},"excerpt":{"rendered":"<p>Talleres Online Gratuitos Conoc\u00e9 nuestros talleres gratuitos Conoc\u00e9 las novedades de la nueva versi\u00f3n. Ver Detalles Webinar nueva versi\u00f3n 4.5 Dictado: 17 de Noviembre 09.30 a 10.30 #QuedateEnCasa &#8211; GoToWebinar Alianza Softland \u2013 Onecloud, \u00bfPor qu\u00e9 Onecloud?, Descripci\u00f3n del servicio,&hellip; Ver Detalles Softland Iaas 24 de Abril 10:30 a 11:30 hs Microsoft Teams: Se enviar\u00e1&hellip;<\/p>\n","protected":false},"author":1,"featured_media":0,"parent":0,"menu_order":0,"comment_status":"closed","ping_status":"closed","template":"","meta":{"footnotes":""},"class_list":["post-4660","page","type-page","status-publish","hentry"],"aioseo_notices":[],"_links":{"self":[{"href":"https:\/\/softland.com\/ar\/wp-json\/wp\/v2\/pages\/4660","targetHints":{"allow":["GET"]}}],"collection":[{"href":"https:\/\/softland.com\/ar\/wp-json\/wp\/v2\/pages"}],"about":[{"href":"https:\/\/softland.com\/ar\/wp-json\/wp\/v2\/types\/page"}],"author":[{"embeddable":true,"href":"https:\/\/softland.com\/ar\/wp-json\/wp\/v2\/users\/1"}],"replies":[{"embeddable":true,"href":"https:\/\/softland.com\/ar\/wp-json\/wp\/v2\/comments?post=4660"}],"version-history":[{"count":0,"href":"https:\/\/softland.com\/ar\/wp-json\/wp\/v2\/pages\/4660\/revisions"}],"wp:attachment":[{"href":"https:\/\/softland.com\/ar\/wp-json\/wp\/v2\/media?parent=4660"}],"curies":[{"name":"wp","href":"https:\/\/api.w.org\/{rel}","templated":true}]}}