{"id":20648,"date":"2024-10-07T08:37:00","date_gmt":"2024-10-07T11:37:00","guid":{"rendered":"https:\/\/softland.com\/ar\/?page_id=20648"},"modified":"2024-10-10T09:13:17","modified_gmt":"2024-10-10T12:13:17","slug":"politicas-de-cookies","status":"publish","type":"page","link":"https:\/\/softland.com\/ar\/politicas-de-cookies\/","title":{"rendered":"Pol\u00edticas de cookies"},"content":{"rendered":"\t\t<div data-elementor-type=\"wp-page\" data-elementor-id=\"20648\" class=\"elementor elementor-20648\" data-elementor-post-type=\"page\">\n\t\t\t\t\t\t<section class=\"elementor-section elementor-top-section elementor-element elementor-element-40592f3 elementor-section-boxed elementor-section-height-default elementor-section-height-default\" data-id=\"40592f3\" data-element_type=\"section\" data-e-type=\"section\">\n\t\t\t\t\t\t<div class=\"elementor-container elementor-column-gap-default\">\n\t\t\t\t\t<div class=\"elementor-column elementor-col-100 elementor-top-column elementor-element elementor-element-b357159\" data-id=\"b357159\" data-element_type=\"column\" data-e-type=\"column\">\n\t\t\t<div class=\"elementor-widget-wrap elementor-element-populated\">\n\t\t\t\t\t\t<div class=\"elementor-element elementor-element-96f070c elementor-widget elementor-widget-spacer\" data-id=\"96f070c\" data-element_type=\"widget\" data-e-type=\"widget\" data-widget_type=\"spacer.default\">\n\t\t\t\t\t\t\t<div class=\"elementor-spacer\">\n\t\t\t<div class=\"elementor-spacer-inner\"><\/div>\n\t\t<\/div>\n\t\t\t\t\t\t<\/div>\n\t\t\t\t\t<\/div>\n\t\t<\/div>\n\t\t\t\t\t<\/div>\n\t\t<\/section>\n\t\t\t\t<section class=\"elementor-section elementor-top-section elementor-element elementor-element-f5eb71e elementor-section-boxed elementor-section-height-default elementor-section-height-default\" data-id=\"f5eb71e\" data-element_type=\"section\" data-e-type=\"section\">\n\t\t\t\t\t\t<div class=\"elementor-container elementor-column-gap-default\">\n\t\t\t\t\t<div class=\"elementor-column elementor-col-100 elementor-top-column elementor-element elementor-element-1d0c36f\" data-id=\"1d0c36f\" data-element_type=\"column\" data-e-type=\"column\">\n\t\t\t<div class=\"elementor-widget-wrap elementor-element-populated\">\n\t\t\t\t\t\t<div class=\"elementor-element elementor-element-87795ad elementor-widget elementor-widget-text-editor\" data-id=\"87795ad\" data-element_type=\"widget\" data-e-type=\"widget\" data-widget_type=\"text-editor.default\">\n\t\t\t\t\t\t\t\t\t<p><em><strong>Ultima actualizaci\u00f3n: 26 de septiembre de 2024.<br \/><br \/><\/strong><\/em><\/p><p><em>La presente Pol\u00edtica es parte integrante de la Pol\u00edtica de Privacidad.<\/em><\/p><p><strong><br \/>\u00bfQu\u00e9 es una cookie?<\/strong><\/p><p>Son peque\u00f1os ficheros de texto que el servidor de Internet env\u00eda al dispositivo con el que se conecta a nuestra web y que son archivados por \u00e9ste. Se asocian \u00fanicamente a su navegador y no proporcionan por s\u00ed mismas datos personales. Las cookies no pueden da\u00f1ar su dispositivo y adem\u00e1s son muy \u00fatiles, ya que nos ayudan a identificar y resolver errores.<br \/><br \/><\/p><p>En el sitio softland.com.ar (en adelante \u201cSitio Web\u201d) se utilizan cookies para facilitar la navegaci\u00f3n por su portal, por motivos de seguridad y para obtener una mayor eficacia y personalizaci\u00f3n de los servicios ofrecidos a los Usuarios.<\/p><p><strong><br \/>\u00bfPara qu\u00e9 se utilizan las cookies? <br \/><\/strong><br \/>El Sitio Web de Softland usa cookies para:<\/p><ul><li>Asegurar que el Sitio Web funciona correctamente.<\/li><\/ul><ul><li>Almacenar sus preferencias, su idioma o el tama\u00f1o de letra que ha seleccionado.<\/li><\/ul><ul><li>Analizar su experiencia de navegaci\u00f3n y mostrarle contenidos personalizados.<\/li><\/ul><ul><li>Recopilar informaci\u00f3n estad\u00edstica an\u00f3nima, como qu\u00e9 p\u00e1ginas ha visitado, o cu\u00e1nto tiempo ha permanecido en ellas.<\/li><\/ul><p><strong><br \/>Tipos de cookies utilizadas en este Sitio Web:<br \/><br \/><\/strong><\/p><p>Las cookies empleadas en el Sitio Web se dividen en Cookies propias y Cookies de Terceros.<\/p><p>Tipos de cookies seg\u00fan la entidad que las gestiona:<\/p><ul><li>Cookies propias<\/li><\/ul><p>Son las estrictamente necesarias (por ejemplo, para una correcta navegaci\u00f3n) o aquellas cookies que sirven para reconocer las preferencias del usuario en su visita al Sitio Web y cookies anal\u00edticas de primera parte para recopilar datos estad\u00edsticos de la actividad.<\/p><table width=\"980\"><thead><tr><td>\u00a0<\/td><\/tr><tr><td width=\"300\"><strong>Nombre de la cookie:<\/strong><\/td><td width=\"300\"><strong>Informaci\u00f3n que recoge:<\/strong><\/td><td width=\"300\"><strong>Finalidad:<\/strong><\/td><\/tr><\/thead><tbody><tr><td>elementor<\/td><td>Sesi\u00f3n y Registro<\/td><td>Utilizado en contexto con el tema de WordPress del sitio web. La cookie permite al propietario del sitio web implementar o cambiar el contenido del sitio web en tiempo real.<\/td><\/tr><\/tbody><\/table><ul><li>Cookies de Terceros:<\/li><\/ul><p>Las cookies de terceros son las usadas para identificaci\u00f3n, o por complementos externos de contenido como el buscador de Google.<\/p><table width=\"100%\"><thead><tr><td width=\"300\"><strong>Nombre de la cookie:<\/strong><\/td><td width=\"300\"><strong>Finalidad:<\/strong><\/td><\/tr><\/thead><tbody><tr><td>_ utma: _utmb: _utmc: sesi\u00f3n _utmt _utmz:_______<\/td><td>Estas cookies de Google Analytics generan un ID de usuario an\u00f3nimo, que es el que se utiliza para hacer recuento de cuantas veces visita el Sitio Web un usuario. Tambi\u00e9n registra cuando fue la primera y la \u00faltima vez que visit\u00f3 el Sitio Web.<\/td><\/tr><tr><td>Qtrans_cookie<\/td><td>Esta cookie de Google es utilizada para recordar que ha iniciado la sesi\u00f3n y mantenerla activa<\/td><\/tr><tr><td>_cfduid<\/td><td>Esta cookie es utilizada para saber qu\u00e9 usuarios y en qu\u00e9 dispositivos enviar las notificaciones de nuevas publicaciones en el Blog.<\/td><\/tr><tr><td>Microsoft<\/td><td>Estas cookies permiten analizar como el Usuario interact\u00faa y se comporta en el Sitio Web.<\/td><\/tr><\/tbody><\/table><p>La Entidad utiliza los servicios de un tercero, incluyendo la tecnolog\u00eda cookie, para la realizaci\u00f3n de anal\u00edticas de audiencia.<\/p><p><strong><br \/>Tipos de cookies<\/strong>:<\/p><ul><li>Cookies estrictamente necesarias: estas cookies son necesarias para el funcionamiento de nuestro Sitio Web. Esta categor\u00eda de cookies no se puede deshabilitar desde nuestro Sitio Web. Usted puede configurar su navegador para bloquear estas cookies, pero en ese caso, ciertas secciones del Sitio Web no funcionar\u00e1n .<\/li><li>Cookies t\u00e9cnicas o funcionales: Estas cookies permiten que el Sitio Web recuerde las elecciones utilizadas por los usuarios, con el fin de proporcionar caracter\u00edsticas mejores y m\u00e1s adaptadas. Estas cookies nos permiten personalizar el contenido para usted y recordar sus preferencias. Estas cookies pueden ser rechazadas, en tal caso, SOFTLAND no podr\u00e1 actualizar la funcionalidad del Sitio Web, ni sugerir contenido .<\/li><\/ul><ul><li>Cookies de an\u00e1lisis: Con estas cookies anal\u00edticas obtenemos informaci\u00f3n sobre el uso de nuestro Sitio Web, de modo que nos permite cuantificar el n\u00famero de usuarios que acceden al Sitio Web y as\u00ed realizar la medici\u00f3n y an\u00e1lisis estad\u00edstico del uso de la misma. Estas cookies pueden ser rechazadas, en tal supuesto, Softlland no podr\u00e1 realizar an\u00e1lisis respecto de la utilizaci\u00f3n y alcances del Sitio Web.<\/li><\/ul><ul><li>Cookies de publicidad: Son aquellas que permiten la gesti\u00f3n, de la forma m\u00e1s eficaz posible, de los espacios publicitarios que, en su caso, el editor haya incluido en una p\u00e1gina web, aplicaci\u00f3n o plataforma desde la que presta el servicio solicitado. Estas cookies almacenan informaci\u00f3n del comportamiento de usuarios obtenida a trav\u00e9s de la observaci\u00f3n continuada de sus h\u00e1bitos de navegaci\u00f3n, lo que permite desarrollar un perfil espec\u00edfico para mostrar publicidad en funci\u00f3n del mismo.\u00a0Estas cookies pueden ser rechazadas, en tal caso, no podr\u00e1 recibir publicidad personalizada.<\/li><\/ul><p><strong><br \/>\u00bfCu\u00e1nto tiempo permanecen las cookies en el dispositivo?<\/strong><\/p><p>Algunas cookies son dise\u00f1adas para recabar y almacenar datos mientras el usuario accede al Sitio Web y hasta que se produzca el final de la sesi\u00f3n en el Sitio Web. Estas Cookies son denominadas \u201cCookies de sesi\u00f3n\u201d.<\/p><p>Por otro lado, existe un tipo de cookies en el que los datos siguen almacenados en el terminal y pueden ser accedidos y tratados durante un periodo definido por el responsable de la cookie, es decir, no caducan luego de cerrar el Sitio Web. Estas cookies son denominadas \u201cCookies persistentes\u201d.<\/p><p><strong><br \/>\u00bfC\u00f3mo administrar las cookies en el navegador?<\/strong><\/p><p>Cuando visite el Sitio Web por primera vez, podr\u00e1 aceptar, rechazar o administraci\u00f3n el uso de cookies.<\/p><p>A su vez, los navegadores m\u00e1s populares tienen opciones de configuraci\u00f3n y funcionalidades de seguridad que te permiten evitar la instalaci\u00f3n de cookies y\/o de otros sistemas de recogida de datos de navegaci\u00f3n en tu dispositivo. Puedes configurar tu navegador para que no acepte las cookies, pero ten en cuenta que ello podr\u00eda bloquear determinadas funcionalidades o limitar el acceso a algunos contenidos de nuestro Sitio Web. Tambi\u00e9n es necesario considerar que debe configurar las cookies desde los distintos dispositivos desde los cuales accedi\u00f3 al Sitio Web (Tablet, smartphone, PC, .)<\/p><p>Puedes consultar los pasos para deshabilitar la instalaci\u00f3n de cookies en las secciones de \u201cAyuda\u201d de las p\u00e1ginas web de cada navegador:<\/p><ul><li><a href=\"https:\/\/support.google.com\/chrome\/answer\/95647?hl=es\">Google Chrome<\/a><\/li><\/ul><ul><li><a href=\"http:\/\/support.mozilla.org\/es\/kb\/habilitar-y-deshabilitar-cookies-que-los-sitios-we\">Mozilla Firefox<\/a><\/li><\/ul><ul><li><a href=\"http:\/\/windows.microsoft.com\/es-es\/windows-vista\/block-or-allow-cookies\">Internet Explorer<\/a><\/li><\/ul><ul><li><a href=\"http:\/\/support.apple.com\/kb\/ph5042\">Safari<\/a><\/li><\/ul><ul><li><a href=\"http:\/\/support.apple.com\/kb\/ht1677?viewlocale=es_es&amp;locale=es_es\">Safari para IOS (iPhone y iPad)<\/a><\/li><\/ul><ul><li><a href=\"https:\/\/support.google.com\/chrome\/answer\/2392971?hl=es\">Chrome para Android<\/a><\/li><\/ul><p>Si rechaza la instalaci\u00f3n de cookies , aunque el uso de algunos de sus servicios podr\u00e1 ser limitado y por tanto su experiencia en nuestro Sitio Web resultar menos satisfactoria. Tenga en consideraci\u00f3n que si retira el consentimiento para la utilizaci\u00f3n de cookies, este no tendr\u00e1 efecto retroactivo sobre los tratamientos ya realizados.<\/p><p><strong>Revocar el consentimiento prestado.<\/strong><\/p><p>Si quisiese retirar en cualquier momento su consentimiento relacionado con la presente Pol\u00edtica de Cookies, deber\u00e1 eliminar las cookies almacenadas a trav\u00e9s de los ajustes y configuraciones de su navegador de Internet, o bien mediante el pop-up de cookies habilitado al efecto en el Sitio Web.<\/p><p><strong>Posibles modificaciones de la Pol\u00edtica de Cookies.<\/strong><\/p><p>Esta Pol\u00edtica de Cookies podr\u00e1 ser modificada en virtud de cualquier cambio legal, jurisprudencial o decisiones internas de la empresa que se produzcan en relaci\u00f3n con las cookies o por cualquiera otra circunstancia.<\/p><p>Las modificaciones de la Pol\u00edtica de Cookies ser\u00e1n debidamente publicadas en nuestro Sitio Web.<\/p><p><strong><br \/>M\u00e1s informaci\u00f3n sobre Privacidad y el funcionamiento del Sitio Web.<\/strong><\/p><p>Para obtener m\u00e1s informaci\u00f3n sobre su privacidad, consulte las <a href=\"https:\/\/softland.com\/ar\/politica-de-privacidad\/\"><strong>Pol\u00edticas de Privacidad<\/strong><\/a> de SOFTLAND y para obtener m\u00e1s informaci\u00f3n sobre los t\u00e9rminos y condiciones para la utilizaci\u00f3n del Sitio Web, consulte <a href=\"https:\/\/softland.com\/ar\/aviso-legal\/\"><strong>Aviso Legal<\/strong><\/a>.<\/p>\t\t\t\t\t\t\t\t<\/div>\n\t\t\t\t\t<\/div>\n\t\t<\/div>\n\t\t\t\t\t<\/div>\n\t\t<\/section>\n\t\t\t\t<\/div>\n\t\t","protected":false},"excerpt":{"rendered":"<p>Ultima actualizaci\u00f3n: 26 de septiembre de 2024. La presente Pol\u00edtica es parte integrante de la Pol\u00edtica de Privacidad. \u00bfQu\u00e9 es una cookie? Son peque\u00f1os ficheros de texto que el servidor de Internet env\u00eda al dispositivo con el que se conecta a nuestra web y que son archivados por \u00e9ste. Se asocian \u00fanicamente a su navegador&hellip;<\/p>\n","protected":false},"author":1,"featured_media":0,"parent":0,"menu_order":0,"comment_status":"closed","ping_status":"closed","template":"","meta":{"footnotes":""},"class_list":["post-20648","page","type-page","status-publish","hentry"],"aioseo_notices":[],"_links":{"self":[{"href":"https:\/\/softland.com\/ar\/wp-json\/wp\/v2\/pages\/20648","targetHints":{"allow":["GET"]}}],"collection":[{"href":"https:\/\/softland.com\/ar\/wp-json\/wp\/v2\/pages"}],"about":[{"href":"https:\/\/softland.com\/ar\/wp-json\/wp\/v2\/types\/page"}],"author":[{"embeddable":true,"href":"https:\/\/softland.com\/ar\/wp-json\/wp\/v2\/users\/1"}],"replies":[{"embeddable":true,"href":"https:\/\/softland.com\/ar\/wp-json\/wp\/v2\/comments?post=20648"}],"version-history":[{"count":0,"href":"https:\/\/softland.com\/ar\/wp-json\/wp\/v2\/pages\/20648\/revisions"}],"wp:attachment":[{"href":"https:\/\/softland.com\/ar\/wp-json\/wp\/v2\/media?parent=20648"}],"curies":[{"name":"wp","href":"https:\/\/api.w.org\/{rel}","templated":true}]}}