{"id":20643,"date":"2024-10-06T16:13:39","date_gmt":"2024-10-06T19:13:39","guid":{"rendered":"https:\/\/softland.com\/ar\/?page_id=20643"},"modified":"2024-10-10T09:11:07","modified_gmt":"2024-10-10T12:11:07","slug":"aviso-legal","status":"publish","type":"page","link":"https:\/\/softland.com\/ar\/aviso-legal\/","title":{"rendered":"Aviso legal"},"content":{"rendered":"\t\t<div data-elementor-type=\"wp-page\" data-elementor-id=\"20643\" class=\"elementor elementor-20643\" data-elementor-post-type=\"page\">\n\t\t\t\t\t\t<section class=\"elementor-section elementor-top-section elementor-element elementor-element-91bac61 elementor-section-boxed elementor-section-height-default elementor-section-height-default\" data-id=\"91bac61\" data-element_type=\"section\" data-e-type=\"section\">\n\t\t\t\t\t\t<div class=\"elementor-container elementor-column-gap-default\">\n\t\t\t\t\t<div class=\"elementor-column elementor-col-100 elementor-top-column elementor-element elementor-element-3bdbcfd\" data-id=\"3bdbcfd\" data-element_type=\"column\" data-e-type=\"column\">\n\t\t\t<div class=\"elementor-widget-wrap elementor-element-populated\">\n\t\t\t\t\t\t<div class=\"elementor-element elementor-element-c246a2d elementor-widget elementor-widget-spacer\" data-id=\"c246a2d\" data-element_type=\"widget\" data-e-type=\"widget\" data-widget_type=\"spacer.default\">\n\t\t\t\t\t\t\t<div class=\"elementor-spacer\">\n\t\t\t<div class=\"elementor-spacer-inner\"><\/div>\n\t\t<\/div>\n\t\t\t\t\t\t<\/div>\n\t\t\t\t\t<\/div>\n\t\t<\/div>\n\t\t\t\t\t<\/div>\n\t\t<\/section>\n\t\t\t\t<section class=\"elementor-section elementor-top-section elementor-element elementor-element-d056e4b elementor-section-boxed elementor-section-height-default elementor-section-height-default\" data-id=\"d056e4b\" data-element_type=\"section\" data-e-type=\"section\">\n\t\t\t\t\t\t<div class=\"elementor-container elementor-column-gap-default\">\n\t\t\t\t\t<div class=\"elementor-column elementor-col-100 elementor-top-column elementor-element elementor-element-54944f9\" data-id=\"54944f9\" data-element_type=\"column\" data-e-type=\"column\">\n\t\t\t<div class=\"elementor-widget-wrap elementor-element-populated\">\n\t\t\t\t\t\t<div class=\"elementor-element elementor-element-dd11d2b elementor-widget elementor-widget-text-editor\" data-id=\"dd11d2b\" data-element_type=\"widget\" data-e-type=\"widget\" data-widget_type=\"text-editor.default\">\n\t\t\t\t\t\t\t\t\t<p><strong>AVISO LEGAL \u2013 T\u00c9RMINOS Y CONDICIONES DE USO DEL SITIO WEB.<\/strong><\/p><p><em><strong>Ultima actualizaci\u00f3n: 26 de septiembre de 2024.<\/strong><\/em><\/p><p>\u00a0<\/p><ol><li><strong> TITULARIDAD.<\/strong><\/li><\/ol><p>El presente Aviso Legal regula el uso y acceso de la p\u00e1gina web de Internet softland.com.ar (en adelante, el \u201cSitio Web\u201d) que SOFTLAND ARGENTINA S.A. (en adelante, \u201cSOFTLAND\u201d), CUIT 30 \u2013 64694113 \u2013 6, con domicilio en la calle Av. Del Libertador 6343 piso 11\u00b0, CP C1428ARG, CABA, Argentina, Tel\u00e9fono +5411 4789 7600 pone a disposici\u00f3n de los usuarios de Internet, as\u00ed como los contenidos y servicios comprendidos en ella.<\/p><p>El Sitio Web es controlado y llega al Usuario (seg\u00fan lo definido a continuaci\u00f3n) por SOFTLAND desde sus instalaciones en Argentina. SOFTLAND se abstiene de manifestar que el Sitio Web es apropiado para otros lugares, como as\u00ed tambi\u00e9n que se encuentre disponible para aqu\u00e9llos. Los Usuarios que accedan al Sitio Web o hagan uso de \u00e9ste desde otras jurisdicciones lo hacen por su propia voluntad y asumen la responsabilidad de respetar la legislaci\u00f3n local y en caso que \u00e9sta as\u00ed lo establezca, a no acceder al Sitio Web.<\/p><ol start=\"2\"><li><strong> OBJETO.<\/strong><\/li><\/ol><p>El presente Aviso Legal recoge las condiciones de uso que regulan el acceso, navegaci\u00f3n y uso del Sitio Web, as\u00ed como las responsabilidades derivadas de la utilizaci\u00f3n, prestaci\u00f3n y\/o contrataci\u00f3n de los productos o servicios que, en su caso, pueden ser ofrecidos, as\u00ed como de los contenidos que lo integran y sin perjuicio de que SOFTLAND pueda establecer condiciones particulares que regulen la utilizaci\u00f3n prestaci\u00f3n y\/o contrataci\u00f3n de productos o servicios que, en su caso, sean ofrecidos a los usuarios a trav\u00e9s del Sitio Web. En todo caso, dichas condiciones particulares formar\u00e1n parte integrante del presente Aviso Legal.<\/p><p>El mero acceso al Sitio Web, el env\u00edo de solicitudes de informaci\u00f3n, consultas y, en general, cualquier acto de naturaleza similar a los anteriores realizados a trav\u00e9s de los formularios y o buzones electr\u00f3nicos existentes en el Sitio Web implicar\u00e1, por su parte, la aceptaci\u00f3n sin reservas de todas y cada una de las normas integrantes del presente Aviso Legal y le atribuir\u00e1 la condici\u00f3n de usuario del Sitio Web(\u201cUsuario\u201d). En consecuencia, Ud. debe leer atentamente y conocer el contenido del presente Aviso Legal. SI USTED NO EST\u00c1 DE ACUERDO CON LAS CONDICIONES DE USO, DEBER\u00c1 ABSTENERSE DE USAR EL SITIO WEB Y\/O LOS SERVICIOS OFRECIDOS EN EL MISMO.<\/p><p>En caso de ser ofrecidos, a trav\u00e9s del Sitio Web, la utilizaci\u00f3n, prestaci\u00f3n y\/o contrataci\u00f3n de productos o servicios, el hecho de ser utilizados y\/o solicitados por el Usuario implicar\u00e1, asimismo, la aceptaci\u00f3n sin reservas de las condiciones particulares que, en su caso, hayan sido establecidas al efecto, y que formar\u00e1n parte integrante del presente Aviso Legal.<\/p><p>El Usuario acepta utilizar el Sitio Web, sus servicios y contenidos sin contravenir la legislaci\u00f3n vigente, la buena fe y el orden p\u00fablico. Las violaciones a este Aviso Legal, o la omisi\u00f3n de actos por parte del Usuario que, a criterio de Softland, constituyan conductas abusivas, lesivas o il\u00edcitas, generar\u00e1 el derecho de Softland de denegar de manera inmediata el acceso al Sitio Web y\/o a la prestaci\u00f3n del servicio al Usuario en falta.<\/p><p>Softland, asimismo, se reserva el derecho de dar de baja el Sitio Web y cancelar el servicio, a su sola discreci\u00f3n, en cualquier momento, sin necesidad de notificaci\u00f3n previa, no generando ello responsabilidad alguna para Softland. En ning\u00fan caso ello implicar\u00e1 el incumplimiento de obligaciones previamente asumidas.<\/p><ol start=\"3\"><li><strong> PROPIEDAD INTELECTUAL E INDUSTRIAL.<\/strong><\/li><\/ol><p>Todos los derechos sobre las marcas, nombres comerciales o dem\u00e1s signos distintivos, logotipos, dise\u00f1os gr\u00e1ficos, programas de software, las patentes y la propiedad intelectual relativos al contenido y dise\u00f1o de este Sitio Web son titularidad de SOFTLAND. El Usuario se compromete a respetar todos los derechos de propiedad intelectual e industrial del Sitio Web, quedando terminantemente prohibida su utilizaci\u00f3n, reproducci\u00f3n y\/o explotaci\u00f3n de cualquier forma y por cualquier medio.<\/p><p>Los contenidos que aparezcan o puedan aparecer en este Sitio Web, entendiendo por estos a t\u00edtulo meramente enunciativo los textos, fotograf\u00edas, gr\u00e1ficos, im\u00e1genes, iconos, tecnolog\u00eda, software, links y dem\u00e1s contenidos audiovisuales o sonoros, as\u00ed como su dise\u00f1o gr\u00e1fico y c\u00f3digos fuente, son propiedad intelectual de SOFTLAND o de terceros. En ning\u00fan caso se entender\u00e1n cedidos al usuario ninguno de los derechos de explotaci\u00f3n reconocidos por la normativa vigente en materia de propiedad intelectual sobre los mismos.<\/p><p>El Usuario \u00fanicamente tiene derecho a un uso privado de los mismos, sin fines comerciales y sin \u00e1nimo de lucro y no puede reproducir, copiar, vender, licenciar, distribuir, poner a disposici\u00f3n o de cualquier otra forma comunicar p\u00fablicamente, transformar o modificar total o parcialmente los contenidos o explotar de cualquier otro modo el contenido del Sitio Web, directa o indirectamente, en ning\u00fan medio o soporte ni realizar cualquier otro acto que viole los derechos de propiedad intelectual e industrial de SOFTLAND o de terceros.<\/p><p><strong>Est\u00e1 absolutamente prohibida la imitaci\u00f3n ya sea total o parcial de nuestro portal.<\/strong><\/p><p>\u00a0<\/p><ol start=\"4\"><li><strong> ACCESO Y USO.<\/strong><\/li><\/ol><p>El acceso al Sitio Web es voluntario y gratuito salvo en lo relativo al costo de la conexi\u00f3n a trav\u00e9s de la red de telecomunicaciones suministrada por el proveedor de acceso contratado por los Usuarios. El Usuario acepta que el uso del Sitio Web se realiza bajo su \u00fanica y exclusiva responsabilidad.<\/p><p>El Usuario se compromete a utilizar los contenidos de conformidad con la legislaci\u00f3n vigente y el presente Aviso Legal. El Usuario podr\u00e1 acceder a los contenidos del Sitio Web, visualizarlos y realizar una copia privada temporal de los mismos para su uso personal y privado, pero no podr\u00e1 reproducirlos, copiarlos, distribuirlos o utilizarlos de cualquier forma para fines profesionales o comerciales.<\/p><p>El Usuario se obliga a llevar a cabo un uso correcto del Sitio Web de conformidad con la legislaci\u00f3n vigente y el presente Aviso Legal, respondiendo frente a SOFTLAND o frente a terceros, de cualesquiera da\u00f1os y perjuicios que pudieran causarse como consecuencia del incumplimiento de dicha obligaci\u00f3n.<\/p><p>El Usuario se compromete igualmente a no llevar a cabo ninguna conducta que pudiera da\u00f1ar la imagen, los intereses, y los derechos de SOFTLAND o de terceros o que de cualquier otra forma sobrecarguen, da\u00f1en o inutilicen el Sitio Web o impidan o dificulten su normal uso.<\/p><p>No se permite la utilizaci\u00f3n del Sitio Web para: (i) ninguna actividad ilegal o contraria a la ley, la moral o las buenas costumbres, (ii) subir (\u201cup load\u201d), publicar, transmitir o poner a disposici\u00f3n por cualquier medio y forma, cualquier material o contenido, que pudiera ser considerado como ofensivo, difamatorio, injurioso, calumnioso, discriminatorio u objetable, (iii) publicar, transmitir o poner a disposici\u00f3n por cualquier medio y forma contenidos violatorios de derechos de terceros incluidos, pero no limitados a, derechos de propiedad intelectual e industrial y derechos de propiedad, (iv) modificar indebidamente el Sitio Web, servidores o redes conectadas, as\u00ed como interferirlo o interrumpirlo, (v) divulgar y\/o colectar datos personales de terceros sin su previa autorizaci\u00f3n escrita a tales fines, y (vi) hacer uso comercial del Sitio Web.<\/p><ol start=\"5\"><li><strong> ENLACES DE TERCEROS.<\/strong><\/li><\/ol><p>El Sitio Web incluye dispositivos t\u00e9cnicos de enlace, hipertextos, hiperv\u00ednculos, directorios e incluso instrumentos de b\u00fasqueda que permiten al Usuario acceder a otras p\u00e1ginas y portales de Internet pertenecientes o gestionados por terceros. Teniendo en cuenta la imposibilidad de control respecto a la informaci\u00f3n, contenidos y servicios que contengan dichas websites, le comunicamos que SOFTLAND no garantiza ni controla y, en consecuencia, no asume responsabilidad sobre cualquier aspecto relativo a las mismas, a t\u00edtulo enunciativo y no taxativo, sobre su funcionamiento, acceso, datos, tratamiento de datos personales, seguridad, informaci\u00f3n, archivos, calidad y fiabilidad de sus productos y servicios, sus propios enlaces y\/o cualquiera de sus contenidos en general, ni por los da\u00f1os o perjuicios derivados del uso de dichos sitios. Esos enlaces no est\u00e1n patrocinados, endosados o vinculados de ninguna manera al Sitio Web o a los productos y servicios de SOFTLAND. Por lo que el Usuario realiza el acceso a cualquier p\u00e1gina de otros sitios de Internet bajo su propio riesgo y responsabilidad, reconociendo y aceptado que SOFTLAND no ser\u00e1 responsable por los mismos.<\/p><p>SOFTLAND no ofrece ni comercializa la informaci\u00f3n, contenidos y servicios disponibles en dichos enlaces, como tampoco supervisa ni controla los contenidos, servicios e informaci\u00f3n contenida en los mismos.<\/p><p>El establecimiento de cualquier enlace desde el Sitio Web a otra web ajena no implica la existencia de acuerdos con los responsables o titulares de estos, ni la recomendaci\u00f3n, promoci\u00f3n o identificaci\u00f3n de SOFTLAND con las manifestaciones, contenidos o informaciones provistas.<\/p><p>El establecimiento de enlaces a nuestro Sitio Web no confiere ning\u00fan derecho sobre el mismo, y se autoriza exclusivamente a permitir el acceso a nuestro Sitio Web, quedando prohibido los enlaces al sitio web que reproduzcan total o parcial las im\u00e1genes y contenidos de nuestro portal. Asimismo, el simple hecho de establecer un enlace a nuestro Sitio Web no da derecho a otorgarse la categor\u00eda de colaborador o socio de SOFTLAND.<\/p><ol start=\"6\"><li><strong> RESPONSABILIDAD.<\/strong><\/li><\/ol><p>Al poner a disposici\u00f3n del Usuario este Sitio Web queremos ofrecerle toda una serie de contenidos y servicios de calidad, utilizando la m\u00e1xima diligencia en la prestaci\u00f3n de los mismos, as\u00ed como en los medios tecnol\u00f3gicos utilizados. SOFTLAND adopta las medias de seguridad adecuadas para detectar la existencia de virus. No obstante, el uso y acceso al Sitio Web se realizar\u00e1 bajo exclusiva responsabilidad del Usuario y corresponde al Usuario la obligaci\u00f3n de disponer de herramientas adecuadas para la detecci\u00f3n y desinfecci\u00f3n de programas inform\u00e1ticos da\u00f1inos, por lo que SOFTLAND no ser\u00e1 responsable de la presencia de virus y otros elementos que de alg\u00fan modo puedan da\u00f1ar el sistema inform\u00e1tico de Usuario.<\/p><p>SOFTLAND no asume ning\u00fan tipo de responsabilidad que se derive de cualquier da\u00f1o o perjuicio de cualquier naturaleza que se pudieran originar al Usuario como consecuencia del acceso y utilizaci\u00f3n del Sitio Web.<\/p><p>El Usuario se compromete a no llevar a cabo cualquier tipo de acci\u00f3n sobre nuestro Sitio Web que origine una excesiva sobrecarga de funcionamiento a nuestros sistemas inform\u00e1ticos, as\u00ed como la introducci\u00f3n de virus, o instalaci\u00f3n de robots, o software que altere el funcionamiento de nuestro Sitio Web, o en definitiva pueda causar da\u00f1os a nuestros sistemas inform\u00e1ticos.<\/p><p>SOFTLAND vela porque los contenidos de su Sitio Web ofrezcan la mayor calidad posible y se encuentren actualizado. Sin perjuicio de ello, dichos contenidos son de car\u00e1cter general, por lo que sugerimos no tomar decisiones \u00fanicamente a partir de la informaci\u00f3n suministrada en el Sitio web.<\/p><p>SOFTLAND no asume ning\u00fan tipo de responsabilidad por los da\u00f1os o perjuicios de cualquier tipo que se produzcan en el Usuario como consecuencia de fallos o desconexiones en las redes de telecomunicaciones que produzcan la suspensi\u00f3n, cancelaci\u00f3n o interrupci\u00f3n del servicio del Sitio Web durante la prestaci\u00f3n del mismo o con car\u00e1cter previo o posterior.<\/p><p>A modo de conclusi\u00f3n, bajo ning\u00fan concepto SOFTLAND, sus funcionarios, directores, empleados o representantes ser\u00e1n responsables por cualquier da\u00f1o que pudiera ser causado por el material presentado por el Usuario o por conductas difamatorias, ofensivas o ilegales de terceros ajenos a SOFTLAND.<\/p><p>El Usuario reconoce que ha entendido toda la informaci\u00f3n respecto a las condiciones de uso de nuestro Sitio Web y las acepta integra y expresamente.<\/p><ol start=\"7\"><li><strong>INDEMNIDAD<\/strong>.<\/li><\/ol><p>El Usuario defender\u00e1, indemnizar\u00e1 y mantendr\u00e1 indemne a SOFTLAND, sus funcionarios, directores, empleados o representantes ante cualquier reclamo, indemnizaci\u00f3n por da\u00f1os, obligaci\u00f3n, p\u00e9rdida, deuda, costo o gasto (incluidos, entre otros, los honorarios de abogados) que pudieran surgir como consecuencia de (i) la violaci\u00f3n de su parte de cualquiera de las cl\u00e1usulas del presente Aviso Legal o (ii) la violaci\u00f3n de su parte de derechos de terceros, incluidos, entre otros, los derechos de autor, de propiedad o de privacidad.<\/p><p>En caso de que SOFTLAND tuviera que afrontar sanci\u00f3n, multa, condena o indemnizaci\u00f3n de cualquier tipo que hubiere provocado el Usuario por el incumplimiento de cualquiera de los puntos establecidos en el presente Aviso Legal, el Usuario deber\u00e1 rembolsar la cantidad que se hubiere abonado por tal motivo en un plazo de treinta d\u00edas de recibida la notificaci\u00f3n que se lo indique.<\/p><ol start=\"8\"><li><strong> DURACI\u00d3N Y MODIFICACI\u00d3N.<\/strong><\/li><\/ol><p>SOFTLAND se reserva el derecho de modificar el presente Aviso Legal y\/o las condiciones particulares que, en su caso, hayan sido establecidas para la utilizaci\u00f3n y\/o contrataci\u00f3n de los productos o servicios prestados a trav\u00e9s del Sitio Web, cuando lo estime oportuno o con la finalidad de adaptarse a los cambios legislativos y tecnol\u00f3gicos.<\/p><p>SOFTLAND podr\u00e1 dar por terminado, suspender o interrumpir el acceso a los contenidos del Sitio Web, sin posibilidad por parte del Usuario de exigir indemnizaci\u00f3n alguna. Tras dicha extinci\u00f3n, seguir\u00e1n vigentes las prohibiciones de uso de los contenidos, expuestas anteriormente en el presente Aviso Legal. En ning\u00fan caso la terminaci\u00f3n, suspensi\u00f3n o interrupci\u00f3n del Sitio Web implicar\u00e1 el incumplimiento de SOFLAND a obligaciones asumidas de manera previa a su implementaci\u00f3n.<\/p><ol start=\"9\"><li><strong> PRIVACIDAD DE DATOS.<\/strong><\/li><\/ol><p>SOFTLAND se encuentra comprometido con el tratamiento responsable de los datos personales de los Usuarios, tomando las medidas necesarias para efectuar dicho tratamiento de conformidad con la legislaci\u00f3n argentina aplicable en la materia. Es necesario que el Usuario lea y acepte las<a href=\"https:\/\/softland.com\/ar\/politica-de-privacidad\/\" target=\"_blank\" rel=\"noopener\"> Pol\u00edticas de Privacidad\u00a0<\/a>y\u00a0<a href=\"https:\/\/softland.com\/ar\/politicas-de-cookies\" target=\"_blank\" rel=\"noopener\">Pol\u00edticas de Cookies<\/a>.<\/p><ol start=\"10\"><li><strong> LEGISLACI\u00d3N APLICABLE Y JURISDICCI\u00d3N.<\/strong><\/li><\/ol><p>El presente Aviso Legal y las relaciones establecidas entre SOFTLAND y el Usuario, en particular el conocimiento y resoluci\u00f3n de cualesquiera litigios, discrepancias o diferencias que pudieran surgir, se regir\u00e1n y resolver\u00e1n de conformidad con lo establecido en la normativa argentina relativa a legislaci\u00f3n aplicable y jurisdicci\u00f3n competente.<\/p><p>No obstante, para los casos en los que la normativa prevea la posibilidad a las partes de someterse a un fuero, SOFTLAND y el Usuario, con renuncia expresa a cualquier otro fuero que pudiera corresponderles, someter\u00e1n cualesquiera controversias y\/o litigios al conocimiento de los Tribunales ordinarios de la Ciudad Aut\u00f3noma de Buenos Aires.<\/p><ol start=\"11\"><li><strong> DIRECCI\u00d3N DE CONTACTO.<\/strong><\/li><\/ol><p>Para cualquier cuesti\u00f3n respecto al presente Aviso Legal de nuestra Sitio Web puede ponerse en contacto con nosotros a trav\u00e9s de <a href=\"http:\/\/info@softland.com.ar\" target=\"_blank\" rel=\"nofollow noopener\">info@softland.com.ar<\/a> o en el tel\u00e9fono +5411 4789 7600.<\/p>\t\t\t\t\t\t\t\t<\/div>\n\t\t\t\t\t<\/div>\n\t\t<\/div>\n\t\t\t\t\t<\/div>\n\t\t<\/section>\n\t\t\t\t<\/div>\n\t\t","protected":false},"excerpt":{"rendered":"<p>AVISO LEGAL \u2013 T\u00c9RMINOS Y CONDICIONES DE USO DEL SITIO WEB. Ultima actualizaci\u00f3n: 26 de septiembre de 2024. \u00a0 TITULARIDAD. El presente Aviso Legal regula el uso y acceso de la p\u00e1gina web de Internet softland.com.ar (en adelante, el \u201cSitio Web\u201d) que SOFTLAND ARGENTINA S.A. (en adelante, \u201cSOFTLAND\u201d), CUIT 30 \u2013 64694113 \u2013 6, con&hellip;<\/p>\n","protected":false},"author":1,"featured_media":0,"parent":0,"menu_order":0,"comment_status":"closed","ping_status":"closed","template":"","meta":{"footnotes":""},"class_list":["post-20643","page","type-page","status-publish","hentry"],"aioseo_notices":[],"_links":{"self":[{"href":"https:\/\/softland.com\/ar\/wp-json\/wp\/v2\/pages\/20643","targetHints":{"allow":["GET"]}}],"collection":[{"href":"https:\/\/softland.com\/ar\/wp-json\/wp\/v2\/pages"}],"about":[{"href":"https:\/\/softland.com\/ar\/wp-json\/wp\/v2\/types\/page"}],"author":[{"embeddable":true,"href":"https:\/\/softland.com\/ar\/wp-json\/wp\/v2\/users\/1"}],"replies":[{"embeddable":true,"href":"https:\/\/softland.com\/ar\/wp-json\/wp\/v2\/comments?post=20643"}],"version-history":[{"count":0,"href":"https:\/\/softland.com\/ar\/wp-json\/wp\/v2\/pages\/20643\/revisions"}],"wp:attachment":[{"href":"https:\/\/softland.com\/ar\/wp-json\/wp\/v2\/media?parent=20643"}],"curies":[{"name":"wp","href":"https:\/\/api.w.org\/{rel}","templated":true}]}}