{"id":12817,"date":"2023-04-05T06:25:35","date_gmt":"2023-04-05T09:25:35","guid":{"rendered":"https:\/\/softland.com\/ar\/?page_id=12817"},"modified":"2025-10-13T14:42:21","modified_gmt":"2025-10-13T17:42:21","slug":"equipo-de-direccion","status":"publish","type":"page","link":"https:\/\/softland.com\/ar\/equipo-de-direccion\/","title":{"rendered":"Equipo de direcci\u00f3n"},"content":{"rendered":"\t\t<div data-elementor-type=\"wp-page\" data-elementor-id=\"12817\" class=\"elementor elementor-12817\" data-elementor-post-type=\"page\">\n\t\t\t\t\t\t<section class=\"elementor-section elementor-top-section elementor-element elementor-element-31230f8b elementor-section-stretched elementor-section-full_width elementor-section-height-min-height elementor-section-content-top elementor-section-height-default elementor-section-items-middle\" data-id=\"31230f8b\" data-element_type=\"section\" data-e-type=\"section\" data-settings=\"{&quot;stretch_section&quot;:&quot;section-stretched&quot;,&quot;background_background&quot;:&quot;classic&quot;,&quot;motion_fx_motion_fx_scrolling&quot;:&quot;yes&quot;,&quot;motion_fx_devices&quot;:[&quot;desktop&quot;,&quot;tablet&quot;,&quot;mobile&quot;]}\">\n\t\t\t\t\t\t\t<div class=\"elementor-background-overlay\"><\/div>\n\t\t\t\t\t\t\t<div class=\"elementor-container elementor-column-gap-default\">\n\t\t\t\t\t<div class=\"elementor-column elementor-col-100 elementor-top-column elementor-element elementor-element-4631d91e\" data-id=\"4631d91e\" data-element_type=\"column\" data-e-type=\"column\">\n\t\t\t<div class=\"elementor-widget-wrap elementor-element-populated\">\n\t\t\t\t\t\t<div class=\"elementor-element elementor-element-6544f1e3 elementor-widget elementor-widget-spacer\" data-id=\"6544f1e3\" data-element_type=\"widget\" data-e-type=\"widget\" data-widget_type=\"spacer.default\">\n\t\t\t\t\t\t\t<div class=\"elementor-spacer\">\n\t\t\t<div class=\"elementor-spacer-inner\"><\/div>\n\t\t<\/div>\n\t\t\t\t\t\t<\/div>\n\t\t\t\t<div class=\"elementor-element elementor-element-2f7edecb elementor-widget elementor-widget-heading\" data-id=\"2f7edecb\" data-element_type=\"widget\" data-e-type=\"widget\" data-widget_type=\"heading.default\">\n\t\t\t\t\t<h1 class=\"elementor-heading-title elementor-size-default\">Equipo de Direcci\u00f3n<\/h1>\t\t\t\t<\/div>\n\t\t\t\t<div class=\"elementor-element elementor-element-140a26a9 elementor-view-framed elementor-shape-circle elementor-widget elementor-widget-icon\" data-id=\"140a26a9\" data-element_type=\"widget\" data-e-type=\"widget\" data-widget_type=\"icon.default\">\n\t\t\t\t\t\t\t<div class=\"elementor-icon-wrapper\">\n\t\t\t<a class=\"elementor-icon elementor-animation-hang\" href=\"#mas-informacion\">\n\t\t\t<i aria-hidden=\"true\" class=\"fas fa-arrow-down\"><\/i>\t\t\t<\/a>\n\t\t<\/div>\n\t\t\t\t\t\t<\/div>\n\t\t\t\t<div class=\"elementor-element elementor-element-63c24126 elementor-widget elementor-widget-spacer\" data-id=\"63c24126\" data-element_type=\"widget\" data-e-type=\"widget\" data-widget_type=\"spacer.default\">\n\t\t\t\t\t\t\t<div class=\"elementor-spacer\">\n\t\t\t<div class=\"elementor-spacer-inner\"><\/div>\n\t\t<\/div>\n\t\t\t\t\t\t<\/div>\n\t\t\t\t\t<\/div>\n\t\t<\/div>\n\t\t\t\t\t<\/div>\n\t\t<\/section>\n\t\t\t\t<section class=\"elementor-section elementor-top-section elementor-element elementor-element-251633fc elementor-section-stretched elementor-section-boxed elementor-section-height-default elementor-section-height-default\" data-id=\"251633fc\" data-element_type=\"section\" data-e-type=\"section\" id=\"mas-informacion\" data-settings=\"{&quot;stretch_section&quot;:&quot;section-stretched&quot;}\">\n\t\t\t\t\t\t<div class=\"elementor-container elementor-column-gap-default\">\n\t\t\t\t\t<div class=\"elementor-column elementor-col-100 elementor-top-column elementor-element elementor-element-6efe32e3\" data-id=\"6efe32e3\" data-element_type=\"column\" data-e-type=\"column\">\n\t\t\t<div class=\"elementor-widget-wrap elementor-element-populated\">\n\t\t\t\t\t\t<div class=\"elementor-element elementor-element-335b6bfd elementor-widget elementor-widget-spacer\" data-id=\"335b6bfd\" data-element_type=\"widget\" data-e-type=\"widget\" data-widget_type=\"spacer.default\">\n\t\t\t\t\t\t\t<div class=\"elementor-spacer\">\n\t\t\t<div class=\"elementor-spacer-inner\"><\/div>\n\t\t<\/div>\n\t\t\t\t\t\t<\/div>\n\t\t\t\t<div class=\"elementor-element elementor-element-30f9a0d4 elementor-widget elementor-widget-text-editor\" data-id=\"30f9a0d4\" data-element_type=\"widget\" data-e-type=\"widget\" data-widget_type=\"text-editor.default\">\n\t\t\t\t\t\t\t\t\t<p>Somos un grupo de profesionales, con m\u00e1s de 25 a\u00f1os de experiencia trabajando juntos como equipo de direcci\u00f3n de esta compa\u00f1\u00eda. Este profundo conocimiento interpersonal, del mercado, del negocio y de nuestra organizaci\u00f3n, nos permite llevar adelante el desaf\u00edo de liderar un equipo de 100 personas, con quienes nos dedicamos todos los d\u00edas a pensar y dise\u00f1ar soluciones para optimizar la gesti\u00f3n de negocios de nuestros clientes.<\/p>\t\t\t\t\t\t\t\t<\/div>\n\t\t\t\t<section class=\"elementor-section elementor-inner-section elementor-element elementor-element-510a0d3 elementor-section-boxed elementor-section-height-default elementor-section-height-default\" data-id=\"510a0d3\" data-element_type=\"section\" data-e-type=\"section\">\n\t\t\t\t\t\t<div class=\"elementor-container elementor-column-gap-default\">\n\t\t\t\t\t<div class=\"elementor-column elementor-col-50 elementor-inner-column elementor-element elementor-element-8c82ed0\" data-id=\"8c82ed0\" data-element_type=\"column\" data-e-type=\"column\">\n\t\t\t<div class=\"elementor-widget-wrap elementor-element-populated\">\n\t\t\t\t\t\t<div class=\"elementor-element elementor-element-7120eb5 elementor-position-top elementor-widget elementor-widget-image-box\" data-id=\"7120eb5\" data-element_type=\"widget\" data-e-type=\"widget\" data-widget_type=\"image-box.default\">\n\t\t\t\t\t<div class=\"elementor-image-box-wrapper\"><figure class=\"elementor-image-box-img\"><img fetchpriority=\"high\" decoding=\"async\" width=\"600\" height=\"600\" src=\"https:\/\/softland.com\/ar\/wp-content\/uploads\/2023\/04\/vivot.png\" class=\"attachment-full size-full wp-image-12844\" alt=\"\" srcset=\"https:\/\/softland.com\/ar\/wp-content\/uploads\/2023\/04\/vivot.png 600w, https:\/\/softland.com\/ar\/wp-content\/uploads\/2023\/04\/vivot-300x300.png 300w, https:\/\/softland.com\/ar\/wp-content\/uploads\/2023\/04\/vivot-150x150.png 150w, https:\/\/softland.com\/ar\/wp-content\/uploads\/2023\/04\/elementor\/thumbs\/vivot-q4ks1o9v9cjq3px5k2b9ickhrlm7u84jydlbhs72iw.png 500w\" sizes=\"(max-width: 600px) 100vw, 600px\" \/><\/figure><div class=\"elementor-image-box-content\"><h3 class=\"elementor-image-box-title\">Guillermo Vivot<\/h3><p class=\"elementor-image-box-description\">Director General\n<\/p><\/div><\/div>\t\t\t\t<\/div>\n\t\t\t\t<div class=\"elementor-element elementor-element-39a0d19 elementor-widget elementor-widget-text-editor\" data-id=\"39a0d19\" data-element_type=\"widget\" data-e-type=\"widget\" data-widget_type=\"text-editor.default\">\n\t\t\t\t\t\t\t\t\t<p>Feliz de liderar y ser parte de Softland Argentina, desde la direcci\u00f3n de la compa\u00f1\u00eda busco generar el espacio y movimientos necesarios para hacer de la cultura cliente c\u00e9ntrica, la creatividad e innovaci\u00f3n, la argamasa que cimenta nuestro ADN y nos define como socios estrat\u00e9gicos de nuestros clientes. Con m\u00e1s de 30 a\u00f1os de experiencia en la industria, estoy convencido que la tecnolog\u00eda y la transformaci\u00f3n digital son poderosas herramientas para mejorar los procesos de negocio. El \u00e9xito de Softland Argentina esta intr\u00ednsecamente ligado al \u00e9xito de nuestros clientes, sobre la base de construir relaciones de largo plazo, sustentadas en la confianza, el compromiso y la excelencia en el servicio.<\/p>\t\t\t\t\t\t\t\t<\/div>\n\t\t\t\t\t<\/div>\n\t\t<\/div>\n\t\t\t\t<div class=\"elementor-column elementor-col-50 elementor-inner-column elementor-element elementor-element-80fb52f\" data-id=\"80fb52f\" data-element_type=\"column\" data-e-type=\"column\">\n\t\t\t<div class=\"elementor-widget-wrap elementor-element-populated\">\n\t\t\t\t\t\t<div class=\"elementor-element elementor-element-5eb43f5 elementor-position-top elementor-widget elementor-widget-image-box\" data-id=\"5eb43f5\" data-element_type=\"widget\" data-e-type=\"widget\" data-widget_type=\"image-box.default\">\n\t\t\t\t\t<div class=\"elementor-image-box-wrapper\"><figure class=\"elementor-image-box-img\"><img decoding=\"async\" width=\"600\" height=\"600\" src=\"https:\/\/softland.com\/ar\/wp-content\/uploads\/2023\/04\/alabarce.png\" class=\"attachment-full size-full wp-image-12848\" alt=\"\" srcset=\"https:\/\/softland.com\/ar\/wp-content\/uploads\/2023\/04\/alabarce.png 600w, https:\/\/softland.com\/ar\/wp-content\/uploads\/2023\/04\/alabarce-300x300.png 300w, https:\/\/softland.com\/ar\/wp-content\/uploads\/2023\/04\/alabarce-150x150.png 150w\" sizes=\"(max-width: 600px) 100vw, 600px\" \/><\/figure><div class=\"elementor-image-box-content\"><h3 class=\"elementor-image-box-title\">Claudio Alabarce<\/h3><p class=\"elementor-image-box-description\">Director de Servicios y Calidad\n\n<\/p><\/div><\/div>\t\t\t\t<\/div>\n\t\t\t\t<div class=\"elementor-element elementor-element-ad93de6 elementor-widget elementor-widget-text-editor\" data-id=\"ad93de6\" data-element_type=\"widget\" data-e-type=\"widget\" data-widget_type=\"text-editor.default\">\n\t\t\t\t\t\t\t\t\t<p>Soy Analista de Sistemas, y de muy joven inici\u00e9 el camino profesional como programador. Desde el a\u00f1o 1999 trabajo con las soluciones de Softland. Comenc\u00e9 como administrador de IT en varias empresas de distintos rubros, lo cual me permiti\u00f3 vivir en primera persona la experiencia como usuario y conocer la flexibilidad de las soluciones, capaces de responder a las necesidades de gesti\u00f3n de empresas de los segmentos m\u00e1s diversos. En el a\u00f1o 2015 me sum\u00e9 al equipo de Softland Argentina como Director de Servicios y Calidad, \u00e1rea desde la cual brindamos el servicio de soporte a usuarios. Nuestro principal desaf\u00edo es contribuir todos los d\u00edas a brindar una experiencia de usuario de alta calidad t\u00e9cnica y humana.<\/p>\t\t\t\t\t\t\t\t<\/div>\n\t\t\t\t\t<\/div>\n\t\t<\/div>\n\t\t\t\t\t<\/div>\n\t\t<\/section>\n\t\t\t\t<section class=\"elementor-section elementor-inner-section elementor-element elementor-element-a703c0b elementor-section-boxed elementor-section-height-default elementor-section-height-default\" data-id=\"a703c0b\" data-element_type=\"section\" data-e-type=\"section\">\n\t\t\t\t\t\t<div class=\"elementor-container elementor-column-gap-default\">\n\t\t\t\t\t<div class=\"elementor-column elementor-col-50 elementor-inner-column elementor-element elementor-element-45e2ba7\" data-id=\"45e2ba7\" data-element_type=\"column\" data-e-type=\"column\">\n\t\t\t<div class=\"elementor-widget-wrap elementor-element-populated\">\n\t\t\t\t\t\t<div class=\"elementor-element elementor-element-f5e2b02 elementor-position-top elementor-widget elementor-widget-image-box\" data-id=\"f5e2b02\" data-element_type=\"widget\" data-e-type=\"widget\" data-widget_type=\"image-box.default\">\n\t\t\t\t\t<div class=\"elementor-image-box-wrapper\"><figure class=\"elementor-image-box-img\"><img decoding=\"async\" width=\"600\" height=\"600\" src=\"https:\/\/softland.com\/ar\/wp-content\/uploads\/2023\/04\/agustin.png\" class=\"attachment-full size-full wp-image-12849\" alt=\"\" srcset=\"https:\/\/softland.com\/ar\/wp-content\/uploads\/2023\/04\/agustin.png 600w, https:\/\/softland.com\/ar\/wp-content\/uploads\/2023\/04\/agustin-300x300.png 300w, https:\/\/softland.com\/ar\/wp-content\/uploads\/2023\/04\/agustin-150x150.png 150w\" sizes=\"(max-width: 600px) 100vw, 600px\" \/><\/figure><div class=\"elementor-image-box-content\"><h3 class=\"elementor-image-box-title\">Agust\u00edn Hatsatourian <\/h3><p class=\"elementor-image-box-description\">Gerente de Consultor\u00eda\n<\/p><\/div><\/div>\t\t\t\t<\/div>\n\t\t\t\t<div class=\"elementor-element elementor-element-f3efc34 elementor-widget elementor-widget-text-editor\" data-id=\"f3efc34\" data-element_type=\"widget\" data-e-type=\"widget\" data-widget_type=\"text-editor.default\">\n\t\t\t\t\t\t\t\t\t<p>Licenciado en Administraci\u00f3n de Empresas de la Facultad de Cs Ecs de la UBA desde el a\u00f1o 2012, mi relaci\u00f3n con Softland inici\u00f3 en 2014 participando del proyecto de implementaci\u00f3n de la soluci\u00f3n ERP en una importante instituci\u00f3n educativa. En el a\u00f1o 2015 pase a formar parte del equipo de Softland Argentina como consultor, asumiendo la gerencia del \u00e1rea desde el 2021. Desde Consultor\u00eda, buscamos siempre partir del entendimiento de las necesidades del negocio del cliente, para reci\u00e9n despu\u00e9s llevarlo a nuestras soluciones bas\u00e1ndonos siempre en las mejores pr\u00e1cticas. El diferencial de nuestro enfoque est\u00e1 precisamente en realizar las implementaciones con un equipo de profesionales que entiende del negocio.<\/p>\t\t\t\t\t\t\t\t<\/div>\n\t\t\t\t\t<\/div>\n\t\t<\/div>\n\t\t\t\t<div class=\"elementor-column elementor-col-50 elementor-inner-column elementor-element elementor-element-8c347e7\" data-id=\"8c347e7\" data-element_type=\"column\" data-e-type=\"column\">\n\t\t\t<div class=\"elementor-widget-wrap elementor-element-populated\">\n\t\t\t\t\t\t<div class=\"elementor-element elementor-element-498c37b elementor-position-top elementor-widget elementor-widget-image-box\" data-id=\"498c37b\" data-element_type=\"widget\" data-e-type=\"widget\" data-widget_type=\"image-box.default\">\n\t\t\t\t\t<div class=\"elementor-image-box-wrapper\"><figure class=\"elementor-image-box-img\"><img loading=\"lazy\" decoding=\"async\" width=\"600\" height=\"600\" src=\"https:\/\/softland.com\/ar\/wp-content\/uploads\/2023\/04\/carolina_sar.png\" class=\"attachment-full size-full wp-image-13063\" alt=\"\" srcset=\"https:\/\/softland.com\/ar\/wp-content\/uploads\/2023\/04\/carolina_sar.png 600w, https:\/\/softland.com\/ar\/wp-content\/uploads\/2023\/04\/carolina_sar-300x300.png 300w, https:\/\/softland.com\/ar\/wp-content\/uploads\/2023\/04\/carolina_sar-150x150.png 150w\" sizes=\"(max-width: 600px) 100vw, 600px\" \/><\/figure><div class=\"elementor-image-box-content\"><h3 class=\"elementor-image-box-title\">Carolina Moreira<\/h3><p class=\"elementor-image-box-description\">Gerente Comercial Base Instalada\n<\/p><\/div><\/div>\t\t\t\t<\/div>\n\t\t\t\t<div class=\"elementor-element elementor-element-4839a0d elementor-widget elementor-widget-text-editor\" data-id=\"4839a0d\" data-element_type=\"widget\" data-e-type=\"widget\" data-widget_type=\"text-editor.default\">\n\t\t\t\t\t\t\t\t\t<p>Inici\u00e9 mi camino en Softland Argentina en el a\u00f1o 1996 en el \u00e1rea de Consultor\u00eda, asumiendo luego una de las gerencias del \u00e1rea. Contadora P\u00fablica Nacional de la UBA, complement\u00e9 mi formaci\u00f3n en gesti\u00f3n y liderazgo de proyectos bajo la metodolog\u00eda PMI. Considero una implementaci\u00f3n como una reformulaci\u00f3n integral de c\u00f3mo hacer las cosas, de repensar la empresa desde cero; y desde esta mirada acompa\u00f1o a nuestros clientes a resolver sus problem\u00e1ticas. Hace 5 a\u00f1os, asum\u00ed el desaf\u00edo de desarrollar el \u00e1rea comercial de base instalada, responsabilidad muy desafiante y motivadora, ya que no se trata de vender, sino de resolver, de ofrecer una soluci\u00f3n.<\/p>\t\t\t\t\t\t\t\t<\/div>\n\t\t\t\t\t<\/div>\n\t\t<\/div>\n\t\t\t\t\t<\/div>\n\t\t<\/section>\n\t\t\t\t<section class=\"elementor-section elementor-inner-section elementor-element elementor-element-e13c2af elementor-section-boxed elementor-section-height-default elementor-section-height-default\" data-id=\"e13c2af\" data-element_type=\"section\" data-e-type=\"section\">\n\t\t\t\t\t\t<div class=\"elementor-container elementor-column-gap-default\">\n\t\t\t\t\t<div class=\"elementor-column elementor-col-50 elementor-inner-column elementor-element elementor-element-730d18a\" data-id=\"730d18a\" data-element_type=\"column\" data-e-type=\"column\">\n\t\t\t<div class=\"elementor-widget-wrap elementor-element-populated\">\n\t\t\t\t\t\t<div class=\"elementor-element elementor-element-19efb03 elementor-position-top elementor-widget elementor-widget-image-box\" data-id=\"19efb03\" data-element_type=\"widget\" data-e-type=\"widget\" data-widget_type=\"image-box.default\">\n\t\t\t\t\t<div class=\"elementor-image-box-wrapper\"><figure class=\"elementor-image-box-img\"><img loading=\"lazy\" decoding=\"async\" width=\"600\" height=\"600\" src=\"https:\/\/softland.com\/ar\/wp-content\/uploads\/2023\/04\/sabrina_sar.png\" class=\"attachment-full size-full wp-image-13061\" alt=\"\" srcset=\"https:\/\/softland.com\/ar\/wp-content\/uploads\/2023\/04\/sabrina_sar.png 600w, https:\/\/softland.com\/ar\/wp-content\/uploads\/2023\/04\/sabrina_sar-300x300.png 300w, https:\/\/softland.com\/ar\/wp-content\/uploads\/2023\/04\/sabrina_sar-150x150.png 150w\" sizes=\"(max-width: 600px) 100vw, 600px\" \/><\/figure><div class=\"elementor-image-box-content\"><h3 class=\"elementor-image-box-title\">Sabrina Feinsilber<\/h3><p class=\"elementor-image-box-description\">Directora de Administraci\u00f3n y Finanzas\n<\/p><\/div><\/div>\t\t\t\t<\/div>\n\t\t\t\t<div class=\"elementor-element elementor-element-9bdbe84 elementor-widget elementor-widget-text-editor\" data-id=\"9bdbe84\" data-element_type=\"widget\" data-e-type=\"widget\" data-widget_type=\"text-editor.default\">\n\t\t\t\t\t\t\t\t\t<p>Contadora P\u00fablico Nacional de profesi\u00f3n, me gradu\u00e9 CUM LAUDOS en 2003. Luego de hacer experiencia tanto en un estudio contable como en AFIP, en 2004 me sum\u00e9 a Softland Argentina S.A. Lider\u00e9 la aplicaci\u00f3n de la Ley de R\u00e9gimen de Promoci\u00f3n Industrial del Software, hoy denominada Ley de Econom\u00eda del Conocimiento; como as\u00ed tambi\u00e9n la posterior fusi\u00f3n de la compa\u00f1\u00eda a Grupo Softland en el 2006. Desde ese entonces trabajamos junto con todas las \u00e1reas para llevar adelante una compa\u00f1\u00eda sana, tanto financiera como econ\u00f3micamente; buscando siempre de estar cerca del cliente para acompa\u00f1arlo en sus procesos de negocio.<\/p>\t\t\t\t\t\t\t\t<\/div>\n\t\t\t\t\t<\/div>\n\t\t<\/div>\n\t\t\t\t<div class=\"elementor-column elementor-col-50 elementor-inner-column elementor-element elementor-element-49bd7ee\" data-id=\"49bd7ee\" data-element_type=\"column\" data-e-type=\"column\">\n\t\t\t<div class=\"elementor-widget-wrap elementor-element-populated\">\n\t\t\t\t\t\t<div class=\"elementor-element elementor-element-39d3a1a elementor-position-top elementor-widget elementor-widget-image-box\" data-id=\"39d3a1a\" data-element_type=\"widget\" data-e-type=\"widget\" data-widget_type=\"image-box.default\">\n\t\t\t\t\t<div class=\"elementor-image-box-wrapper\"><figure class=\"elementor-image-box-img\"><img loading=\"lazy\" decoding=\"async\" width=\"600\" height=\"600\" src=\"https:\/\/softland.com\/ar\/wp-content\/uploads\/2023\/04\/guerra-sar.png\" class=\"attachment-full size-full wp-image-13118\" alt=\"\" srcset=\"https:\/\/softland.com\/ar\/wp-content\/uploads\/2023\/04\/guerra-sar.png 600w, https:\/\/softland.com\/ar\/wp-content\/uploads\/2023\/04\/guerra-sar-300x300.png 300w, https:\/\/softland.com\/ar\/wp-content\/uploads\/2023\/04\/guerra-sar-150x150.png 150w\" sizes=\"(max-width: 600px) 100vw, 600px\" \/><\/figure><div class=\"elementor-image-box-content\"><h3 class=\"elementor-image-box-title\">Fabi\u00e1n Guerra<\/h3><p class=\"elementor-image-box-description\">Director Comercial\n<\/p><\/div><\/div>\t\t\t\t<\/div>\n\t\t\t\t<div class=\"elementor-element elementor-element-292ea92 elementor-widget elementor-widget-text-editor\" data-id=\"292ea92\" data-element_type=\"widget\" data-e-type=\"widget\" data-widget_type=\"text-editor.default\">\n\t\t\t\t\t\t\t\t\t<p>De formaci\u00f3n en sistemas, dediqu\u00e9 mis primeros a\u00f1os a las \u00e1reas comerciales en empresas de distintos rubros. En el a\u00f1o 1997 comenc\u00e9 mi carrera en el segmento de las compa\u00f1\u00edas de ERPs, trabajando con las soluciones de Softland desde 1999; y sum\u00e1ndome a su equipo en el a\u00f1o 2010 como director de \u00e1rea comercial. Desde aquel momento, junto al equipo de Marketing, trabajamos d\u00eda a d\u00eda para hacer que Softland sea una opci\u00f3n presente en todas las mesas de decisi\u00f3n y el mejor aliado para ayudar a nuestros clientes en su negocio.<\/p>\t\t\t\t\t\t\t\t<\/div>\n\t\t\t\t\t<\/div>\n\t\t<\/div>\n\t\t\t\t\t<\/div>\n\t\t<\/section>\n\t\t\t\t<section class=\"elementor-section elementor-inner-section elementor-element elementor-element-970f2a3 elementor-section-boxed elementor-section-height-default elementor-section-height-default\" data-id=\"970f2a3\" data-element_type=\"section\" data-e-type=\"section\">\n\t\t\t\t\t\t<div class=\"elementor-container elementor-column-gap-default\">\n\t\t\t\t\t<div class=\"elementor-column elementor-col-50 elementor-inner-column elementor-element elementor-element-7f1ff2f\" data-id=\"7f1ff2f\" data-element_type=\"column\" data-e-type=\"column\">\n\t\t\t<div class=\"elementor-widget-wrap elementor-element-populated\">\n\t\t\t\t\t\t<div class=\"elementor-element elementor-element-69fecd4 elementor-position-top elementor-widget elementor-widget-image-box\" data-id=\"69fecd4\" data-element_type=\"widget\" data-e-type=\"widget\" data-widget_type=\"image-box.default\">\n\t\t\t\t\t<div class=\"elementor-image-box-wrapper\"><figure class=\"elementor-image-box-img\"><img loading=\"lazy\" decoding=\"async\" width=\"600\" height=\"600\" src=\"https:\/\/softland.com\/ar\/wp-content\/uploads\/2023\/04\/juliana-1.png\" class=\"attachment-full size-full wp-image-12853\" alt=\"\" srcset=\"https:\/\/softland.com\/ar\/wp-content\/uploads\/2023\/04\/juliana-1.png 600w, https:\/\/softland.com\/ar\/wp-content\/uploads\/2023\/04\/juliana-1-300x300.png 300w, https:\/\/softland.com\/ar\/wp-content\/uploads\/2023\/04\/juliana-1-150x150.png 150w\" sizes=\"(max-width: 600px) 100vw, 600px\" \/><\/figure><div class=\"elementor-image-box-content\"><h3 class=\"elementor-image-box-title\">Juliana de Le\u00f3n<\/h3><p class=\"elementor-image-box-description\">Directora de Marketing y Comunicaciones\n<\/p><\/div><\/div>\t\t\t\t<\/div>\n\t\t\t\t<div class=\"elementor-element elementor-element-c15d9e9 elementor-widget elementor-widget-text-editor\" data-id=\"c15d9e9\" data-element_type=\"widget\" data-e-type=\"widget\" data-widget_type=\"text-editor.default\">\n\t\t\t\t\t\t\t\t\t<p>En 1998 comenc\u00e9 mi carrera en el \u00e1mbito de las comunicaciones y asuntos p\u00fablicos. Estudi\u00e9 Licenciatura en Ciencias Pol\u00edticas en la UCA. En 2004 me sum\u00e9 al equipo de Softland Argentina, con el objetivo de desarrollar el \u00e1rea de Marketing y Comunicaciones, que luego acompa\u00f1\u00f3 el cambio cultural y organizacional necesario durante el proceso de integraci\u00f3n a Grupo Softland. Desde entonces trabajamos dentro del \u00e1rea con foco en la penetraci\u00f3n de nuestras soluciones en el mercado local, alcanzando el reconocimiento como una de las mejores soluciones ERP para la gesti\u00f3n de negocios.<\/p>\t\t\t\t\t\t\t\t<\/div>\n\t\t\t\t\t<\/div>\n\t\t<\/div>\n\t\t\t\t<div class=\"elementor-column elementor-col-50 elementor-inner-column elementor-element elementor-element-f718876\" data-id=\"f718876\" data-element_type=\"column\" data-e-type=\"column\">\n\t\t\t<div class=\"elementor-widget-wrap\">\n\t\t\t\t\t\t\t<\/div>\n\t\t<\/div>\n\t\t\t\t\t<\/div>\n\t\t<\/section>\n\t\t\t\t<div class=\"elementor-element elementor-element-3df58b2 elementor-widget elementor-widget-spacer\" data-id=\"3df58b2\" data-element_type=\"widget\" data-e-type=\"widget\" data-widget_type=\"spacer.default\">\n\t\t\t\t\t\t\t<div class=\"elementor-spacer\">\n\t\t\t<div class=\"elementor-spacer-inner\"><\/div>\n\t\t<\/div>\n\t\t\t\t\t\t<\/div>\n\t\t\t\t\t<\/div>\n\t\t<\/div>\n\t\t\t\t\t<\/div>\n\t\t<\/section>\n\t\t\t\t<\/div>\n\t\t","protected":false},"excerpt":{"rendered":"<p>Equipo de Direcci\u00f3n Somos un grupo de profesionales, con m\u00e1s de 25 a\u00f1os de experiencia trabajando juntos como equipo de direcci\u00f3n de esta compa\u00f1\u00eda. Este profundo conocimiento interpersonal, del mercado, del negocio y de nuestra organizaci\u00f3n, nos permite llevar adelante el desaf\u00edo de liderar un equipo de 100 personas, con quienes nos dedicamos todos los&hellip;<\/p>\n","protected":false},"author":1,"featured_media":0,"parent":0,"menu_order":0,"comment_status":"closed","ping_status":"closed","template":"","meta":{"footnotes":""},"class_list":["post-12817","page","type-page","status-publish","hentry"],"aioseo_notices":[],"_links":{"self":[{"href":"https:\/\/softland.com\/ar\/wp-json\/wp\/v2\/pages\/12817","targetHints":{"allow":["GET"]}}],"collection":[{"href":"https:\/\/softland.com\/ar\/wp-json\/wp\/v2\/pages"}],"about":[{"href":"https:\/\/softland.com\/ar\/wp-json\/wp\/v2\/types\/page"}],"author":[{"embeddable":true,"href":"https:\/\/softland.com\/ar\/wp-json\/wp\/v2\/users\/1"}],"replies":[{"embeddable":true,"href":"https:\/\/softland.com\/ar\/wp-json\/wp\/v2\/comments?post=12817"}],"version-history":[{"count":0,"href":"https:\/\/softland.com\/ar\/wp-json\/wp\/v2\/pages\/12817\/revisions"}],"wp:attachment":[{"href":"https:\/\/softland.com\/ar\/wp-json\/wp\/v2\/media?parent=12817"}],"curies":[{"name":"wp","href":"https:\/\/api.w.org\/{rel}","templated":true}]}}